{"id":1162,"date":"2022-01-26T15:27:23","date_gmt":"2022-01-26T15:27:23","guid":{"rendered":"https:\/\/ecdmedya.com\/demo8\/?page_id=1162"},"modified":"2023-04-06T03:17:47","modified_gmt":"2023-04-06T03:17:47","slug":"yatirim-ve-uretim-danismanligi","status":"publish","type":"page","link":"https:\/\/tokeryatirim.com\/en\/yatirim-ve-uretim-danismanligi\/","title":{"rendered":"Yat\u0131r\u0131m ve \u00dcretim Dan\u0131\u015fmanl\u0131\u011f\u0131"},"content":{"rendered":"","protected":false},"excerpt":{"rendered":"","protected":false},"author":1,"featured_media":0,"parent":0,"menu_order":0,"comment_status":"closed","ping_status":"closed","template":"page-blank.php","meta":{"footnotes":""},"class_list":["post-1162","page","type-page","status-publish","hentry"],"yoast_head":"<!-- This site is optimized with the Yoast SEO plugin v20.7 - https:\/\/yoast.com\/wordpress\/plugins\/seo\/ -->\n<title>Yat\u0131r\u0131m ve \u00dcretim Dan\u0131\u015fmanl\u0131\u011f\u0131 | Toker Yat\u0131r\u0131m<\/title>\n<meta name=\"robots\" content=\"index, follow, max-snippet:-1, max-image-preview:large, max-video-preview:-1\" \/>\n<link rel=\"canonical\" href=\"https:\/\/tokeryatirim.com\/yatirim-ve-uretim-danismanligi\/\" \/>\n<meta property=\"og:locale\" content=\"en_US\" \/>\n<meta property=\"og:type\" content=\"article\" \/>\n<meta property=\"og:title\" content=\"Yat\u0131r\u0131m ve \u00dcretim Dan\u0131\u015fmanl\u0131\u011f\u0131\" \/>\n<meta property=\"og:url\" content=\"https:\/\/tokeryatirim.com\/yatirim-ve-uretim-danismanligi\/\" \/>\n<meta property=\"og:site_name\" content=\"Toker Yat\u0131r\u0131m\" \/>\n<meta property=\"article:publisher\" content=\"https:\/\/www.facebook.com\/tokeryatirim\/\" \/>\n<meta property=\"article:modified_time\" content=\"2023-04-06T03:17:47+00:00\" \/>\n<meta property=\"og:image\" content=\"https:\/\/tokeryatirim.com\/wp-content\/uploads\/2022\/03\/toker-muhendislik-samsun.jpg\" \/>\n\t<meta property=\"og:image:width\" content=\"828\" \/>\n\t<meta property=\"og:image:height\" content=\"603\" \/>\n\t<meta property=\"og:image:type\" content=\"image\/jpeg\" \/>\n<meta name=\"twitter:card\" content=\"summary_large_image\" \/>\n<meta name=\"twitter:site\" content=\"@TokerYatirim\" \/>\n<script type=\"application\/ld+json\" class=\"yoast-schema-graph\">{\"@context\":\"https:\/\/schema.org\",\"@graph\":[{\"@type\":\"WebPage\",\"@id\":\"https:\/\/tokeryatirim.com\/yatirim-ve-uretim-danismanligi\/\",\"url\":\"https:\/\/tokeryatirim.com\/yatirim-ve-uretim-danismanligi\/\",\"name\":\"[:tr]Yat\u0131r\u0131m ve \u00dcretim Dan\u0131\u015fmanl\u0131\u011f\u0131[:] | Toker Yat\u0131r\u0131m\",\"isPartOf\":{\"@id\":\"https:\/\/tokeryatirim.com\/#website\"},\"datePublished\":\"2022-01-26T15:27:23+00:00\",\"dateModified\":\"2023-04-06T03:17:47+00:00\",\"breadcrumb\":{\"@id\":\"https:\/\/tokeryatirim.com\/yatirim-ve-uretim-danismanligi\/#breadcrumb\"},\"inLanguage\":\"en-US\",\"potentialAction\":[{\"@type\":\"ReadAction\",\"target\":[\"https:\/\/tokeryatirim.com\/yatirim-ve-uretim-danismanligi\/\"]}]},{\"@type\":\"BreadcrumbList\",\"@id\":\"https:\/\/tokeryatirim.com\/yatirim-ve-uretim-danismanligi\/#breadcrumb\",\"itemListElement\":[{\"@type\":\"ListItem\",\"position\":1,\"name\":\"Anasayfa\",\"item\":\"https:\/\/tokeryatirim.com\/\"},{\"@type\":\"ListItem\",\"position\":2,\"name\":\"Yat\u0131r\u0131m ve \u00dcretim Dan\u0131\u015fmanl\u0131\u011f\u0131\"}]},{\"@type\":\"WebSite\",\"@id\":\"https:\/\/tokeryatirim.com\/#website\",\"url\":\"https:\/\/tokeryatirim.com\/\",\"name\":\"Toker Yat\u0131r\u0131m\",\"description\":\"M\u00fchendislik ve Yat\u0131r\u0131m Dan\u0131\u015fmanl\u0131\u011f\u0131\",\"publisher\":{\"@id\":\"https:\/\/tokeryatirim.com\/#organization\"},\"alternateName\":\"Toker Yat\u0131r\u0131m\",\"potentialAction\":[{\"@type\":\"SearchAction\",\"target\":{\"@type\":\"EntryPoint\",\"urlTemplate\":\"https:\/\/tokeryatirim.com\/?s={search_term_string}\"},\"query-input\":\"required name=search_term_string\"}],\"inLanguage\":\"en-US\"},{\"@type\":\"Organization\",\"@id\":\"https:\/\/tokeryatirim.com\/#organization\",\"name\":\"Toker Yat\u0131r\u0131m | M\u00fchendislik ve Yat\u0131r\u0131m Dan\u0131\u015fmanl\u0131\u011f\u0131\",\"alternateName\":\"Toker Yat\u0131r\u0131m\",\"url\":\"https:\/\/tokeryatirim.com\/\",\"logo\":{\"@type\":\"ImageObject\",\"inLanguage\":\"en-US\",\"@id\":\"https:\/\/tokeryatirim.com\/#\/schema\/logo\/image\/\",\"url\":\"https:\/\/tokeryatirim.com\/wp-content\/uploads\/2022\/02\/Toker-yatirim-logo-icon.png\",\"contentUrl\":\"https:\/\/tokeryatirim.com\/wp-content\/uploads\/2022\/02\/Toker-yatirim-logo-icon.png\",\"width\":150,\"height\":150,\"caption\":\"Toker Yat\u0131r\u0131m | M\u00fchendislik ve Yat\u0131r\u0131m Dan\u0131\u015fmanl\u0131\u011f\u0131\"},\"image\":{\"@id\":\"https:\/\/tokeryatirim.com\/#\/schema\/logo\/image\/\"},\"sameAs\":[\"https:\/\/www.facebook.com\/tokeryatirim\/\",\"https:\/\/twitter.com\/TokerYatirim\",\"https:\/\/www.youtube.com\/@tokeryatirim\",\"https:\/\/www.linkedin.com\/in\/incilay-toker-979057b8\/\",\"https:\/\/www.instagram.com\/tokeryatirim\/\"]}]}<\/script>\n<!-- \/ Yoast SEO plugin. -->","yoast_head_json":{"title":"Yat\u0131r\u0131m ve \u00dcretim Dan\u0131\u015fmanl\u0131\u011f\u0131 | Toker Yat\u0131r\u0131m","robots":{"index":"index","follow":"follow","max-snippet":"max-snippet:-1","max-image-preview":"max-image-preview:large","max-video-preview":"max-video-preview:-1"},"canonical":"https:\/\/tokeryatirim.com\/yatirim-ve-uretim-danismanligi\/","og_locale":"en_US","og_type":"article","og_title":"[:tr]Yat\u0131r\u0131m ve \u00dcretim Dan\u0131\u015fmanl\u0131\u011f\u0131[:] | Toker Yat\u0131r\u0131m","og_url":"https:\/\/tokeryatirim.com\/yatirim-ve-uretim-danismanligi\/","og_site_name":"Toker Yat\u0131r\u0131m","article_publisher":"https:\/\/www.facebook.com\/tokeryatirim\/","article_modified_time":"2023-04-06T03:17:47+00:00","og_image":[{"width":828,"height":603,"url":"https:\/\/tokeryatirim.com\/wp-content\/uploads\/2022\/03\/toker-muhendislik-samsun.jpg","type":"image\/jpeg"}],"twitter_card":"summary_large_image","twitter_site":"@TokerYatirim","schema":{"@context":"https:\/\/schema.org","@graph":[{"@type":"WebPage","@id":"https:\/\/tokeryatirim.com\/yatirim-ve-uretim-danismanligi\/","url":"https:\/\/tokeryatirim.com\/yatirim-ve-uretim-danismanligi\/","name":"[:tr]Yat\u0131r\u0131m ve \u00dcretim Dan\u0131\u015fmanl\u0131\u011f\u0131[:] | Toker Yat\u0131r\u0131m","isPartOf":{"@id":"https:\/\/tokeryatirim.com\/#website"},"datePublished":"2022-01-26T15:27:23+00:00","dateModified":"2023-04-06T03:17:47+00:00","breadcrumb":{"@id":"https:\/\/tokeryatirim.com\/yatirim-ve-uretim-danismanligi\/#breadcrumb"},"inLanguage":"en-US","potentialAction":[{"@type":"ReadAction","target":["https:\/\/tokeryatirim.com\/yatirim-ve-uretim-danismanligi\/"]}]},{"@type":"BreadcrumbList","@id":"https:\/\/tokeryatirim.com\/yatirim-ve-uretim-danismanligi\/#breadcrumb","itemListElement":[{"@type":"ListItem","position":1,"name":"Anasayfa","item":"https:\/\/tokeryatirim.com\/"},{"@type":"ListItem","position":2,"name":"Yat\u0131r\u0131m ve \u00dcretim Dan\u0131\u015fmanl\u0131\u011f\u0131"}]},{"@type":"WebSite","@id":"https:\/\/tokeryatirim.com\/#website","url":"https:\/\/tokeryatirim.com\/","name":"Toker Yat\u0131r\u0131m","description":"M\u00fchendislik ve Yat\u0131r\u0131m Dan\u0131\u015fmanl\u0131\u011f\u0131","publisher":{"@id":"https:\/\/tokeryatirim.com\/#organization"},"alternateName":"Toker Yat\u0131r\u0131m","potentialAction":[{"@type":"SearchAction","target":{"@type":"EntryPoint","urlTemplate":"https:\/\/tokeryatirim.com\/?s={search_term_string}"},"query-input":"required name=search_term_string"}],"inLanguage":"en-US"},{"@type":"Organization","@id":"https:\/\/tokeryatirim.com\/#organization","name":"Toker Yat\u0131r\u0131m | M\u00fchendislik ve Yat\u0131r\u0131m Dan\u0131\u015fmanl\u0131\u011f\u0131","alternateName":"Toker Yat\u0131r\u0131m","url":"https:\/\/tokeryatirim.com\/","logo":{"@type":"ImageObject","inLanguage":"en-US","@id":"https:\/\/tokeryatirim.com\/#\/schema\/logo\/image\/","url":"https:\/\/tokeryatirim.com\/wp-content\/uploads\/2022\/02\/Toker-yatirim-logo-icon.png","contentUrl":"https:\/\/tokeryatirim.com\/wp-content\/uploads\/2022\/02\/Toker-yatirim-logo-icon.png","width":150,"height":150,"caption":"Toker Yat\u0131r\u0131m | M\u00fchendislik ve Yat\u0131r\u0131m Dan\u0131\u015fmanl\u0131\u011f\u0131"},"image":{"@id":"https:\/\/tokeryatirim.com\/#\/schema\/logo\/image\/"},"sameAs":["https:\/\/www.facebook.com\/tokeryatirim\/","https:\/\/twitter.com\/TokerYatirim","https:\/\/www.youtube.com\/@tokeryatirim","https:\/\/www.linkedin.com\/in\/incilay-toker-979057b8\/","https:\/\/www.instagram.com\/tokeryatirim\/"]}]}},"_links":{"self":[{"href":"https:\/\/tokeryatirim.com\/en\/wp-json\/wp\/v2\/pages\/1162","targetHints":{"allow":["GET"]}}],"collection":[{"href":"https:\/\/tokeryatirim.com\/en\/wp-json\/wp\/v2\/pages"}],"about":[{"href":"https:\/\/tokeryatirim.com\/en\/wp-json\/wp\/v2\/types\/page"}],"author":[{"embeddable":true,"href":"https:\/\/tokeryatirim.com\/en\/wp-json\/wp\/v2\/users\/1"}],"replies":[{"embeddable":true,"href":"https:\/\/tokeryatirim.com\/en\/wp-json\/wp\/v2\/comments?post=1162"}],"version-history":[{"count":4,"href":"https:\/\/tokeryatirim.com\/en\/wp-json\/wp\/v2\/pages\/1162\/revisions"}],"predecessor-version":[{"id":3276,"href":"https:\/\/tokeryatirim.com\/en\/wp-json\/wp\/v2\/pages\/1162\/revisions\/3276"}],"wp:attachment":[{"href":"https:\/\/tokeryatirim.com\/en\/wp-json\/wp\/v2\/media?parent=1162"}],"curies":[{"name":"wp","href":"https:\/\/api.w.org\/{rel}","templated":true}]}}