{"id":213,"date":"2019-07-29T19:11:45","date_gmt":"2019-07-29T19:11:45","guid":{"rendered":"http:\/\/www.ecdmedya.com\/demo4\/?page_id=213"},"modified":"2019-08-01T15:14:06","modified_gmt":"2019-08-01T15:14:06","slug":"kurumsal","status":"publish","type":"page","link":"https:\/\/tokeryatirim.com\/en\/kurumsal\/","title":{"rendered":"Kurumsal"},"content":{"rendered":"<div class=\"row row-collapse row-full-width\"  id=\"row-911048660\">\n\n\t<div id=\"col-923859924\" class=\"col small-12 large-12\"  >\n\t\t\t\t<div class=\"col-inner\"  >\n\t\t\t\n\t\t\t\n\n  <div class=\"banner has-hover\" id=\"banner-658799860\">\n          <div class=\"banner-inner fill\">\n        <div class=\"banner-bg fill\" >\n            <div class=\"bg fill bg-fill \"><\/div>\n                        <div class=\"overlay\"><\/div>            \n                    <\/div>\n\t\t\n        <div class=\"banner-layers container\">\n            <div class=\"fill banner-link\"><\/div>            \n   <div id=\"text-box-20604447\" class=\"text-box banner-layer x50 md-x50 lg-x50 y95 md-y95 lg-y95 res-text\">\n                                <div class=\"text-box-content text dark\">\n              \n              <div class=\"text-inner text-center\">\n                  \n<div class=\"container section-title-container\" ><h4 class=\"section-title section-title-center\"><b><\/b><span class=\"section-title-main\" >KURUMSAL<\/span><b><\/b><\/h4><\/div>\n              <\/div>\n           <\/div>\n                            \n<style>\n#text-box-20604447 {\n  width: 60%;\n}\n#text-box-20604447 .text-box-content {\n  font-size: 100%;\n}\n<\/style>\n    <\/div>\n \n        <\/div>\n      <\/div>\n\n            \n<style>\n#banner-658799860 {\n  padding-top: 396px;\n  background-color: rgb(255, 255, 255);\n}\n#banner-658799860 .bg.bg-loaded {\n  background-image: 260;\n}\n#banner-658799860 .overlay {\n  background-color: rgba(0, 31, 255, 0.35);\n}\n#banner-658799860 .bg {\n  background-position: 59% 47%;\n}\n#banner-658799860 .ux-shape-divider--top svg {\n  height: 150px;\n  --divider-top-width: 100%;\n}\n#banner-658799860 .ux-shape-divider--bottom svg {\n  height: 150px;\n  --divider-width: 100%;\n}\n<\/style>\n  <\/div>\n\n\n\t\t<\/div>\n\t\t\t\t\n<style>\n#col-923859924 > .col-inner {\n  margin: 0px 0px 48px 0px;\n}\n<\/style>\n\t<\/div>\n\n\t\n<\/div>\n<div class=\"row align-center\"  id=\"row-527276585\">\n\n\t<div id=\"col-1681610930\" class=\"col medium-4 small-12 large-4\"  >\n\t\t\t\t<div class=\"col-inner\"  >\n\t\t\t\n\t\t\t\n\n  <div class=\"banner has-hover\" id=\"banner-927963330\">\n          <div class=\"banner-inner fill\">\n        <div class=\"banner-bg fill\" >\n            <div class=\"bg fill bg-fill \"><\/div>\n                                    \n                    <\/div>\n\t\t\n        <div class=\"banner-layers container\">\n            <div class=\"fill banner-link\"><\/div>            \n        <\/div>\n      <\/div>\n\n            \n<style>\n#banner-927963330 {\n  padding-top: 353px;\n}\n#banner-927963330 .bg.bg-loaded {\n  background-image: 294;\n}\n#banner-927963330 .bg {\n  background-position: 100% 69%;\n}\n#banner-927963330 .ux-shape-divider--top svg {\n  height: 150px;\n  --divider-top-width: 100%;\n}\n#banner-927963330 .ux-shape-divider--bottom svg {\n  height: 150px;\n  --divider-width: 100%;\n}\n<\/style>\n  <\/div>\n\n\n\t\t<\/div>\n\t\t\t\t\t<\/div>\n\n\t\n\n\t<div id=\"col-1085219055\" class=\"col medium-4 small-12 large-4\"  >\n\t\t\t\t<div class=\"col-inner\"  >\n\t\t\t\n\t\t\t\n<h4><span style=\"color: #005277;\">HT DI\u015e T\u0130CARET \u00ae<\/span><\/h4>\n<h5><span style=\"color: #005277;\">BIZ;<\/span><\/h5>\n<p><span style=\"font-size: 90%; color: #333333;\">D\u0131\u015f Ticaret Uzmanlar\u0131 Olarak 2008&#8217;den beri \u00fcretim yapan m\u00fc\u015fterilere, d\u0131\u015f ticaret konusunda profesyonel dan\u0131\u015fmanl\u0131k hizmeti veriyoruz. Stratejik planlamadan yenilik\u00e7i \u00e7\u00f6z\u00fcmlere kadar, odak noktam\u0131z m\u00fc\u015fterilerimizle daima etkin ve sonu\u00e7 odakl\u0131 bir ili\u015fki kurmam\u0131z oldu. <\/span><\/p>\n<p><span style=\"font-size: 90%; color: #333333;\">Kendiniz veya kurulu\u015funuz i\u00e7in \u00f6zelle\u015ftirilmi\u015f bir eylem plan\u0131 olu\u015fturmak \u00fczere \u00fcr\u00fcnlerinizi d\u00fcnyan\u0131n d\u00f6rt bir taraf\u0131nda satmak i\u00e7in sizinle birlikte \u00e7al\u0131\u015faca\u011f\u0131z. Vizyonumuz ve dan\u0131\u015fmanl\u0131k yakla\u015f\u0131m\u0131z hakk\u0131nda daha fazla bilgi edinmek i\u00e7in ileti\u015fime ge\u00e7in.<\/span><\/p>\n\t\t<\/div>\n\t\t\t\t\t<\/div>\n\n\t\n\n\t<div id=\"col-225113319\" class=\"col medium-4 small-12 large-4\"  >\n\t\t\t\t<div class=\"col-inner\"  >\n\t\t\t\n\t\t\t\n<blockquote>\n<h4>S\u0131rt\u0131m\u0131z ge\u00e7mi\u015fe,y\u00fcz\u00fcm\u00fcz gelece\u011fe&#8230;<\/h4>\n<\/blockquote>\n\t<div class=\"img has-hover x md-x lg-x y md-y lg-y\" id=\"image_12770462\">\n\t\t\t\t\t\t\t\t<div class=\"img-inner dark\" >\n\t\t\t\t\t\t\t\t\t\n\t\t\t\t\t<\/div>\n\t\t\t\t\t\t\t\t\n<style>\n#image_12770462 {\n  width: 100%;\n}\n<\/style>\n\t<\/div>\n\t\n\t\t<\/div>\n\t\t\t\t\t<\/div>\n\n\t\n<\/div>\n","protected":false},"excerpt":{"rendered":"","protected":false},"author":1,"featured_media":0,"parent":0,"menu_order":0,"comment_status":"closed","ping_status":"closed","template":"page-blank.php","meta":{"footnotes":""},"class_list":["post-213","page","type-page","status-publish","hentry"],"yoast_head":"<!-- This site is optimized with the Yoast SEO plugin v20.7 - https:\/\/yoast.com\/wordpress\/plugins\/seo\/ -->\n<title>Kurumsal | Toker Yat\u0131r\u0131m<\/title>\n<meta name=\"robots\" content=\"index, follow, max-snippet:-1, max-image-preview:large, max-video-preview:-1\" \/>\n<link rel=\"canonical\" href=\"https:\/\/tokeryatirim.com\/kurumsal\/\" \/>\n<meta property=\"og:locale\" content=\"en_US\" \/>\n<meta property=\"og:type\" content=\"article\" \/>\n<meta property=\"og:title\" content=\"Kurumsal | Toker Yat\u0131r\u0131m\" \/>\n<meta property=\"og:url\" content=\"https:\/\/tokeryatirim.com\/kurumsal\/\" \/>\n<meta property=\"og:site_name\" content=\"Toker Yat\u0131r\u0131m\" \/>\n<meta property=\"article:publisher\" content=\"https:\/\/www.facebook.com\/tokeryatirim\/\" \/>\n<meta property=\"article:modified_time\" content=\"2019-08-01T15:14:06+00:00\" \/>\n<meta property=\"og:image\" content=\"https:\/\/tokeryatirim.com\/wp-content\/uploads\/2022\/03\/toker-muhendislik-samsun.jpg\" \/>\n\t<meta property=\"og:image:width\" content=\"828\" \/>\n\t<meta property=\"og:image:height\" content=\"603\" \/>\n\t<meta property=\"og:image:type\" content=\"image\/jpeg\" \/>\n<meta name=\"twitter:card\" content=\"summary_large_image\" \/>\n<meta name=\"twitter:site\" content=\"@TokerYatirim\" \/>\n<meta name=\"twitter:label1\" content=\"Est. reading time\" \/>\n\t<meta name=\"twitter:data1\" content=\"1 minute\" \/>\n<script type=\"application\/ld+json\" class=\"yoast-schema-graph\">{\"@context\":\"https:\/\/schema.org\",\"@graph\":[{\"@type\":\"WebPage\",\"@id\":\"https:\/\/tokeryatirim.com\/kurumsal\/\",\"url\":\"https:\/\/tokeryatirim.com\/kurumsal\/\",\"name\":\"Kurumsal | Toker Yat\u0131r\u0131m\",\"isPartOf\":{\"@id\":\"https:\/\/tokeryatirim.com\/#website\"},\"datePublished\":\"2019-07-29T19:11:45+00:00\",\"dateModified\":\"2019-08-01T15:14:06+00:00\",\"breadcrumb\":{\"@id\":\"https:\/\/tokeryatirim.com\/kurumsal\/#breadcrumb\"},\"inLanguage\":\"en-US\",\"potentialAction\":[{\"@type\":\"ReadAction\",\"target\":[\"https:\/\/tokeryatirim.com\/kurumsal\/\"]}]},{\"@type\":\"BreadcrumbList\",\"@id\":\"https:\/\/tokeryatirim.com\/kurumsal\/#breadcrumb\",\"itemListElement\":[{\"@type\":\"ListItem\",\"position\":1,\"name\":\"Anasayfa\",\"item\":\"https:\/\/tokeryatirim.com\/\"},{\"@type\":\"ListItem\",\"position\":2,\"name\":\"Kurumsal\"}]},{\"@type\":\"WebSite\",\"@id\":\"https:\/\/tokeryatirim.com\/#website\",\"url\":\"https:\/\/tokeryatirim.com\/\",\"name\":\"Toker Yat\u0131r\u0131m\",\"description\":\"M\u00fchendislik ve Yat\u0131r\u0131m Dan\u0131\u015fmanl\u0131\u011f\u0131\",\"publisher\":{\"@id\":\"https:\/\/tokeryatirim.com\/#organization\"},\"alternateName\":\"Toker Yat\u0131r\u0131m\",\"potentialAction\":[{\"@type\":\"SearchAction\",\"target\":{\"@type\":\"EntryPoint\",\"urlTemplate\":\"https:\/\/tokeryatirim.com\/?s={search_term_string}\"},\"query-input\":\"required name=search_term_string\"}],\"inLanguage\":\"en-US\"},{\"@type\":\"Organization\",\"@id\":\"https:\/\/tokeryatirim.com\/#organization\",\"name\":\"Toker Yat\u0131r\u0131m | M\u00fchendislik ve Yat\u0131r\u0131m Dan\u0131\u015fmanl\u0131\u011f\u0131\",\"alternateName\":\"Toker Yat\u0131r\u0131m\",\"url\":\"https:\/\/tokeryatirim.com\/\",\"logo\":{\"@type\":\"ImageObject\",\"inLanguage\":\"en-US\",\"@id\":\"https:\/\/tokeryatirim.com\/#\/schema\/logo\/image\/\",\"url\":\"https:\/\/tokeryatirim.com\/wp-content\/uploads\/2022\/02\/Toker-yatirim-logo-icon.png\",\"contentUrl\":\"https:\/\/tokeryatirim.com\/wp-content\/uploads\/2022\/02\/Toker-yatirim-logo-icon.png\",\"width\":150,\"height\":150,\"caption\":\"Toker Yat\u0131r\u0131m | M\u00fchendislik ve Yat\u0131r\u0131m Dan\u0131\u015fmanl\u0131\u011f\u0131\"},\"image\":{\"@id\":\"https:\/\/tokeryatirim.com\/#\/schema\/logo\/image\/\"},\"sameAs\":[\"https:\/\/www.facebook.com\/tokeryatirim\/\",\"https:\/\/twitter.com\/TokerYatirim\",\"https:\/\/www.youtube.com\/@tokeryatirim\",\"https:\/\/www.linkedin.com\/in\/incilay-toker-979057b8\/\",\"https:\/\/www.instagram.com\/tokeryatirim\/\"]}]}<\/script>\n<!-- \/ Yoast SEO plugin. -->","yoast_head_json":{"title":"Kurumsal | Toker Yat\u0131r\u0131m","robots":{"index":"index","follow":"follow","max-snippet":"max-snippet:-1","max-image-preview":"max-image-preview:large","max-video-preview":"max-video-preview:-1"},"canonical":"https:\/\/tokeryatirim.com\/kurumsal\/","og_locale":"en_US","og_type":"article","og_title":"Kurumsal | Toker Yat\u0131r\u0131m","og_url":"https:\/\/tokeryatirim.com\/kurumsal\/","og_site_name":"Toker Yat\u0131r\u0131m","article_publisher":"https:\/\/www.facebook.com\/tokeryatirim\/","article_modified_time":"2019-08-01T15:14:06+00:00","og_image":[{"width":828,"height":603,"url":"https:\/\/tokeryatirim.com\/wp-content\/uploads\/2022\/03\/toker-muhendislik-samsun.jpg","type":"image\/jpeg"}],"twitter_card":"summary_large_image","twitter_site":"@TokerYatirim","twitter_misc":{"Est. reading time":"1 minute"},"schema":{"@context":"https:\/\/schema.org","@graph":[{"@type":"WebPage","@id":"https:\/\/tokeryatirim.com\/kurumsal\/","url":"https:\/\/tokeryatirim.com\/kurumsal\/","name":"Kurumsal | Toker Yat\u0131r\u0131m","isPartOf":{"@id":"https:\/\/tokeryatirim.com\/#website"},"datePublished":"2019-07-29T19:11:45+00:00","dateModified":"2019-08-01T15:14:06+00:00","breadcrumb":{"@id":"https:\/\/tokeryatirim.com\/kurumsal\/#breadcrumb"},"inLanguage":"en-US","potentialAction":[{"@type":"ReadAction","target":["https:\/\/tokeryatirim.com\/kurumsal\/"]}]},{"@type":"BreadcrumbList","@id":"https:\/\/tokeryatirim.com\/kurumsal\/#breadcrumb","itemListElement":[{"@type":"ListItem","position":1,"name":"Anasayfa","item":"https:\/\/tokeryatirim.com\/"},{"@type":"ListItem","position":2,"name":"Kurumsal"}]},{"@type":"WebSite","@id":"https:\/\/tokeryatirim.com\/#website","url":"https:\/\/tokeryatirim.com\/","name":"Toker Yat\u0131r\u0131m","description":"M\u00fchendislik ve Yat\u0131r\u0131m Dan\u0131\u015fmanl\u0131\u011f\u0131","publisher":{"@id":"https:\/\/tokeryatirim.com\/#organization"},"alternateName":"Toker Yat\u0131r\u0131m","potentialAction":[{"@type":"SearchAction","target":{"@type":"EntryPoint","urlTemplate":"https:\/\/tokeryatirim.com\/?s={search_term_string}"},"query-input":"required name=search_term_string"}],"inLanguage":"en-US"},{"@type":"Organization","@id":"https:\/\/tokeryatirim.com\/#organization","name":"Toker Yat\u0131r\u0131m | M\u00fchendislik ve Yat\u0131r\u0131m Dan\u0131\u015fmanl\u0131\u011f\u0131","alternateName":"Toker Yat\u0131r\u0131m","url":"https:\/\/tokeryatirim.com\/","logo":{"@type":"ImageObject","inLanguage":"en-US","@id":"https:\/\/tokeryatirim.com\/#\/schema\/logo\/image\/","url":"https:\/\/tokeryatirim.com\/wp-content\/uploads\/2022\/02\/Toker-yatirim-logo-icon.png","contentUrl":"https:\/\/tokeryatirim.com\/wp-content\/uploads\/2022\/02\/Toker-yatirim-logo-icon.png","width":150,"height":150,"caption":"Toker Yat\u0131r\u0131m | M\u00fchendislik ve Yat\u0131r\u0131m Dan\u0131\u015fmanl\u0131\u011f\u0131"},"image":{"@id":"https:\/\/tokeryatirim.com\/#\/schema\/logo\/image\/"},"sameAs":["https:\/\/www.facebook.com\/tokeryatirim\/","https:\/\/twitter.com\/TokerYatirim","https:\/\/www.youtube.com\/@tokeryatirim","https:\/\/www.linkedin.com\/in\/incilay-toker-979057b8\/","https:\/\/www.instagram.com\/tokeryatirim\/"]}]}},"_links":{"self":[{"href":"https:\/\/tokeryatirim.com\/en\/wp-json\/wp\/v2\/pages\/213","targetHints":{"allow":["GET"]}}],"collection":[{"href":"https:\/\/tokeryatirim.com\/en\/wp-json\/wp\/v2\/pages"}],"about":[{"href":"https:\/\/tokeryatirim.com\/en\/wp-json\/wp\/v2\/types\/page"}],"author":[{"embeddable":true,"href":"https:\/\/tokeryatirim.com\/en\/wp-json\/wp\/v2\/users\/1"}],"replies":[{"embeddable":true,"href":"https:\/\/tokeryatirim.com\/en\/wp-json\/wp\/v2\/comments?post=213"}],"version-history":[{"count":13,"href":"https:\/\/tokeryatirim.com\/en\/wp-json\/wp\/v2\/pages\/213\/revisions"}],"predecessor-version":[{"id":506,"href":"https:\/\/tokeryatirim.com\/en\/wp-json\/wp\/v2\/pages\/213\/revisions\/506"}],"wp:attachment":[{"href":"https:\/\/tokeryatirim.com\/en\/wp-json\/wp\/v2\/media?parent=213"}],"curies":[{"name":"wp","href":"https:\/\/api.w.org\/{rel}","templated":true}]}}