{"id":216,"date":"2019-07-29T19:12:48","date_gmt":"2019-07-29T19:12:48","guid":{"rendered":"http:\/\/www.ecdmedya.com\/demo4\/?page_id=216"},"modified":"2019-08-19T12:36:43","modified_gmt":"2019-08-19T12:36:43","slug":"mobilya","status":"publish","type":"page","link":"https:\/\/tokeryatirim.com\/en\/mobilya\/","title":{"rendered":"Mobilya"},"content":{"rendered":"<div class=\"row row-collapse row-full-width\"  id=\"row-840016407\">\n\n\t<div id=\"col-2052796217\" class=\"col small-12 large-12\"  >\n\t\t\t\t<div class=\"col-inner\"  >\n\t\t\t\n\t\t\t\n<div class=\"slider-wrapper relative\" id=\"slider-582625417\" >\n    <div class=\"slider slider-nav-simple slider-nav-large slider-nav-dark slider-style-shadow\"\n        data-flickity-options='{\n            \"cellAlign\": \"center\",\n            \"imagesLoaded\": true,\n            \"lazyLoad\": 1,\n            \"freeScroll\": false,\n            \"wrapAround\": true,\n            \"autoPlay\": 6000,\n            \"pauseAutoPlayOnHover\" : true,\n            \"prevNextButtons\": false,\n            \"contain\" : true,\n            \"adaptiveHeight\" : true,\n            \"dragThreshold\" : 10,\n            \"percentPosition\": true,\n            \"pageDots\": false,\n            \"rightToLeft\": false,\n            \"draggable\": true,\n            \"selectedAttraction\": 0.1,\n            \"parallax\" : 0,\n            \"friction\": 0.6        }'\n        >\n        \n\n  <div class=\"banner has-hover\" id=\"banner-18076901\">\n          <div class=\"banner-inner fill\">\n        <div class=\"banner-bg fill\" >\n            <div class=\"bg fill bg-fill \"><\/div>\n                                    \n                    <\/div>\n\t\t\n        <div class=\"banner-layers container\">\n            <div class=\"fill banner-link\"><\/div>            \n   <div id=\"text-box-893225555\" class=\"text-box banner-layer x100 md-x95 lg-x95 y5 md-y10 lg-y10 res-text\">\n                                <div class=\"text-box-content text dark text-shadow-2\">\n              \n              <div class=\"text-inner text-center\">\n                  \n<h1>MODERN TASARIMLAR<\/h1>\n              <\/div>\n           <\/div>\n                            \n<style>\n#text-box-893225555 {\n  width: 73%;\n}\n#text-box-893225555 .text-box-content {\n  font-size: 100%;\n}\n@media (min-width:550px) {\n  #text-box-893225555 {\n    width: 60%;\n  }\n}\n<\/style>\n    <\/div>\n \n        <\/div>\n      <\/div>\n\n            \n<style>\n#banner-18076901 {\n  padding-top: 400px;\n}\n#banner-18076901 .bg.bg-loaded {\n  background-image: 482;\n}\n#banner-18076901 .bg {\n  background-position: 86% 63%;\n}\n#banner-18076901 .ux-shape-divider--top svg {\n  height: 150px;\n  --divider-top-width: 100%;\n}\n#banner-18076901 .ux-shape-divider--bottom svg {\n  height: 150px;\n  --divider-width: 100%;\n}\n@media (min-width:550px) {\n  #banner-18076901 {\n    padding-top: 500px;\n  }\n}\n<\/style>\n  <\/div>\n\n\n\n  <div class=\"banner has-hover\" id=\"banner-428244885\">\n          <div class=\"banner-inner fill\">\n        <div class=\"banner-bg fill\" >\n            <div class=\"bg fill bg-fill \"><\/div>\n                                    \n                    <\/div>\n\t\t\n        <div class=\"banner-layers container\">\n            <div class=\"fill banner-link\"><\/div>            \n   <div id=\"text-box-1261773457\" class=\"text-box banner-layer x50 md-x95 lg-x95 y85 md-y90 lg-y90 res-text\">\n                                <div class=\"text-box-content text dark text-shadow-2\">\n              \n              <div class=\"text-inner text-center\">\n                  \n<h1>EV\u0130N I\u015eILTILI CAZ\u0130BES\u0130<\/h1>\n              <\/div>\n           <\/div>\n                            \n<style>\n#text-box-1261773457 {\n  width: 92%;\n}\n#text-box-1261773457 .text-box-content {\n  font-size: 100%;\n}\n@media (min-width:550px) {\n  #text-box-1261773457 {\n    width: 36%;\n  }\n}\n<\/style>\n    <\/div>\n \n        <\/div>\n      <\/div>\n\n            \n<style>\n#banner-428244885 {\n  padding-top: 400px;\n}\n#banner-428244885 .bg.bg-loaded {\n  background-image: 479;\n}\n#banner-428244885 .bg {\n  background-position: 93% 16%;\n}\n#banner-428244885 .ux-shape-divider--top svg {\n  height: 150px;\n  --divider-top-width: 100%;\n}\n#banner-428244885 .ux-shape-divider--bottom svg {\n  height: 150px;\n  --divider-width: 100%;\n}\n@media (min-width:550px) {\n  #banner-428244885 {\n    padding-top: 500px;\n  }\n}\n<\/style>\n  <\/div>\n\n\n\n  <div class=\"banner has-hover\" id=\"banner-746416945\">\n          <div class=\"banner-inner fill\">\n        <div class=\"banner-bg fill\" >\n            <div class=\"bg fill bg-fill \"><\/div>\n                                    \n                    <\/div>\n\t\t\n        <div class=\"banner-layers container\">\n            <div class=\"fill banner-link\"><\/div>            \n   <div id=\"text-box-1061455081\" class=\"text-box banner-layer x100 md-x100 lg-x100 y10 md-y10 lg-y10 res-text\">\n                                <div class=\"text-box-content text text-shadow-2\">\n              \n              <div class=\"text-inner text-center\">\n                  \n<h1><span style=\"color: #000000;\">ZAMANSIZ ZERAFET<\/span><\/h1>\n              <\/div>\n           <\/div>\n                            \n<style>\n#text-box-1061455081 {\n  width: 100%;\n}\n#text-box-1061455081 .text-box-content {\n  font-size: 100%;\n}\n@media (min-width:550px) {\n  #text-box-1061455081 {\n    width: 60%;\n  }\n}\n<\/style>\n    <\/div>\n \n        <\/div>\n      <\/div>\n\n            \n<style>\n#banner-746416945 {\n  padding-top: 400px;\n}\n#banner-746416945 .bg.bg-loaded {\n  background-image: 481;\n}\n#banner-746416945 .bg {\n  background-position: 47% 38%;\n}\n#banner-746416945 .ux-shape-divider--top svg {\n  height: 150px;\n  --divider-top-width: 100%;\n}\n#banner-746416945 .ux-shape-divider--bottom svg {\n  height: 150px;\n  --divider-width: 100%;\n}\n@media (min-width:550px) {\n  #banner-746416945 {\n    padding-top: 500px;\n  }\n}\n<\/style>\n  <\/div>\n\n\n\n  <div class=\"banner has-hover\" id=\"banner-2129471350\">\n          <div class=\"banner-inner fill\">\n        <div class=\"banner-bg fill\" >\n            <div class=\"bg fill bg-fill \"><\/div>\n                                    \n                    <\/div>\n\t\t\n        <div class=\"banner-layers container\">\n            <div class=\"fill banner-link\"><\/div>            \n   <div id=\"text-box-1099894800\" class=\"text-box banner-layer x0 md-x0 lg-x0 y95 md-y95 lg-y95 res-text\">\n                                <div class=\"text-box-content text dark text-shadow-2\">\n              \n              <div class=\"text-inner text-center\">\n                  \n<h1>DESENLER\u0130N YOLCULU\u011eU<\/h1>\n              <\/div>\n           <\/div>\n                            \n<style>\n#text-box-1099894800 {\n  width: 77%;\n}\n#text-box-1099894800 .text-box-content {\n  font-size: 100%;\n}\n@media (min-width:550px) {\n  #text-box-1099894800 {\n    width: 60%;\n  }\n}\n<\/style>\n    <\/div>\n \n        <\/div>\n      <\/div>\n\n            \n<style>\n#banner-2129471350 {\n  padding-top: 400px;\n}\n#banner-2129471350 .bg.bg-loaded {\n  background-image: 480;\n}\n#banner-2129471350 .ux-shape-divider--top svg {\n  height: 150px;\n  --divider-top-width: 100%;\n}\n#banner-2129471350 .ux-shape-divider--bottom svg {\n  height: 150px;\n  --divider-width: 100%;\n}\n@media (min-width:550px) {\n  #banner-2129471350 {\n    padding-top: 500px;\n  }\n}\n<\/style>\n  <\/div>\n\n\n     <\/div>\n\n     <div class=\"loading-spin dark large centered\"><\/div>\n\n     \t<\/div>\n\n\n\t\t<\/div>\n\t\t\t\t\t<\/div>\n\n\t\n<\/div>\n<div class=\"container section-title-container\" style=\"margin-bottom:55px;\"><h2 class=\"section-title section-title-bold-center\"><b><\/b><span class=\"section-title-main\" >\u00dcR\u00dcNLER\u0130M\u0130Z<\/span><b><\/b><\/h2><\/div>\n<div class=\"row\"  id=\"row-1597887545\">\n\n\t<div id=\"col-272482344\" class=\"col medium-3 small-12 large-3\"  >\n\t\t\t\t<div class=\"col-inner\"  >\n\t\t\t\n\t\t\t\n\n  <div class=\"banner has-hover\" id=\"banner-1120825211\">\n          <div class=\"banner-inner fill\">\n        <div class=\"banner-bg fill\" >\n            <div class=\"bg fill bg-fill \"><\/div>\n                                    \n                    <\/div>\n\t\t\n        <div class=\"banner-layers container\">\n            <div class=\"fill banner-link\"><\/div>            \n   <div id=\"text-box-526846653\" class=\"text-box banner-layer x50 md-x50 lg-x50 y0 md-y0 lg-y0 res-text\">\n                                <div class=\"text-box-content text dark text-shadow-2\">\n              \n              <div class=\"text-inner text-center\">\n                  \n<h1>K\u0130TAPLIK<\/h1>\n              <\/div>\n           <\/div>\n                            \n<style>\n#text-box-526846653 .text-box-content {\n  background-color: rgba(0, 0, 0, 0.26);\n  font-size: 100%;\n}\n#text-box-526846653 {\n  width: 100%;\n}\n<\/style>\n    <\/div>\n \n        <\/div>\n      <\/div>\n\n            \n<style>\n#banner-1120825211 {\n  padding-top: 250px;\n  background-color: rgb(255, 255, 255);\n}\n#banner-1120825211 .bg.bg-loaded {\n  background-image: 465;\n}\n#banner-1120825211 .bg {\n  background-position: 57% 3%;\n}\n#banner-1120825211 .ux-shape-divider--top svg {\n  height: 150px;\n  --divider-top-width: 100%;\n}\n#banner-1120825211 .ux-shape-divider--bottom svg {\n  height: 150px;\n  --divider-width: 100%;\n}\n<\/style>\n  <\/div>\n\n\n\t\t<\/div>\n\t\t\t\t\t<\/div>\n\n\t\n\n\t<div id=\"col-1753568436\" class=\"col medium-6 small-12 large-6\"  >\n\t\t\t\t<div class=\"col-inner\"  >\n\t\t\t\n\t\t\t\n\n  <div class=\"banner has-hover\" id=\"banner-1825058422\">\n          <div class=\"banner-inner fill\">\n        <div class=\"banner-bg fill\" >\n            <div class=\"bg fill bg-fill \"><\/div>\n                                    \n                    <\/div>\n\t\t\n        <div class=\"banner-layers container\">\n            <div class=\"fill banner-link\"><\/div>            \n   <div id=\"text-box-841595361\" class=\"text-box banner-layer x50 md-x50 lg-x50 y0 md-y0 lg-y0 res-text\">\n                                <div class=\"text-box-content text dark text-shadow-2\">\n              \n              <div class=\"text-inner text-center\">\n                  \n<h2>KOLTUK TAKIMLARI<\/h2>\n              <\/div>\n           <\/div>\n                            \n<style>\n#text-box-841595361 .text-box-content {\n  background-color: rgba(0, 0, 0, 0.26);\n  font-size: 100%;\n}\n#text-box-841595361 {\n  width: 100%;\n}\n<\/style>\n    <\/div>\n \n        <\/div>\n      <\/div>\n\n            \n<style>\n#banner-1825058422 {\n  padding-top: 280px;\n  background-color: rgb(255, 255, 255);\n}\n#banner-1825058422 .bg.bg-loaded {\n  background-image: 470;\n}\n#banner-1825058422 .ux-shape-divider--top svg {\n  height: 150px;\n  --divider-top-width: 100%;\n}\n#banner-1825058422 .ux-shape-divider--bottom svg {\n  height: 150px;\n  --divider-width: 100%;\n}\n<\/style>\n  <\/div>\n\n\n\t\t<\/div>\n\t\t\t\t\t<\/div>\n\n\t\n\n\t<div id=\"col-45869924\" class=\"col medium-3 small-12 large-3\"  >\n\t\t\t\t<div class=\"col-inner\"  >\n\t\t\t\n\t\t\t\n\n  <div class=\"banner has-hover\" id=\"banner-605546015\">\n          <div class=\"banner-inner fill\">\n        <div class=\"banner-bg fill\" >\n            <div class=\"bg fill bg-fill \"><\/div>\n                                    \n                    <\/div>\n\t\t\n        <div class=\"banner-layers container\">\n            <div class=\"fill banner-link\"><\/div>            \n   <div id=\"text-box-499206085\" class=\"text-box banner-layer x50 md-x50 lg-x50 y0 md-y0 lg-y0 res-text\">\n                                <div class=\"text-box-content text dark text-shadow-2\">\n              \n              <div class=\"text-inner text-center\">\n                  \n<h1>AKSESUAR<\/h1>\n              <\/div>\n           <\/div>\n                            \n<style>\n#text-box-499206085 .text-box-content {\n  background-color: rgba(0, 0, 0, 0.26);\n  font-size: 100%;\n}\n#text-box-499206085 {\n  width: 100%;\n}\n<\/style>\n    <\/div>\n \n        <\/div>\n      <\/div>\n\n            \n<style>\n#banner-605546015 {\n  padding-top: 250px;\n  background-color: rgb(255, 255, 255);\n}\n#banner-605546015 .bg.bg-loaded {\n  background-image: 466;\n}\n#banner-605546015 .bg {\n  background-position: 65% 100%;\n}\n#banner-605546015 .ux-shape-divider--top svg {\n  height: 150px;\n  --divider-top-width: 100%;\n}\n#banner-605546015 .ux-shape-divider--bottom svg {\n  height: 150px;\n  --divider-width: 100%;\n}\n<\/style>\n  <\/div>\n\n\n\t\t<\/div>\n\t\t\t\t\t<\/div>\n\n\t\n\n\t<div id=\"col-1548176364\" class=\"col medium-6 small-12 large-6\"  >\n\t\t\t\t<div class=\"col-inner\"  >\n\t\t\t\n\t\t\t\n\n  <div class=\"banner has-hover\" id=\"banner-1210580280\">\n          <div class=\"banner-inner fill\">\n        <div class=\"banner-bg fill\" >\n            <div class=\"bg fill bg-fill \"><\/div>\n                                    \n                    <\/div>\n\t\t\n        <div class=\"banner-layers container\">\n            <div class=\"fill banner-link\"><\/div>            \n   <div id=\"text-box-954989241\" class=\"text-box banner-layer x50 md-x50 lg-x50 y0 md-y0 lg-y0 res-text\">\n                                <div class=\"text-box-content text dark text-shadow-2\">\n              \n              <div class=\"text-inner text-center\">\n                  \n<h2>YATAK ODASI TAKIMLARI<\/h2>\n              <\/div>\n           <\/div>\n                            \n<style>\n#text-box-954989241 .text-box-content {\n  background-color: rgba(0, 0, 0, 0.26);\n  font-size: 100%;\n}\n#text-box-954989241 {\n  width: 100%;\n}\n<\/style>\n    <\/div>\n \n        <\/div>\n      <\/div>\n\n            \n<style>\n#banner-1210580280 {\n  padding-top: 280px;\n  background-color: rgb(255, 255, 255);\n}\n#banner-1210580280 .bg.bg-loaded {\n  background-image: 471;\n}\n#banner-1210580280 .ux-shape-divider--top svg {\n  height: 150px;\n  --divider-top-width: 100%;\n}\n#banner-1210580280 .ux-shape-divider--bottom svg {\n  height: 150px;\n  --divider-width: 100%;\n}\n<\/style>\n  <\/div>\n\n\n\t\t<\/div>\n\t\t\t\t\t<\/div>\n\n\t\n\n\t<div id=\"col-138052190\" class=\"col medium-6 small-12 large-6\"  >\n\t\t\t\t<div class=\"col-inner\"  >\n\t\t\t\n\t\t\t\n\n  <div class=\"banner has-hover\" id=\"banner-479861082\">\n          <div class=\"banner-inner fill\">\n        <div class=\"banner-bg fill\" >\n            <div class=\"bg fill bg-fill \"><\/div>\n                                    \n                    <\/div>\n\t\t\n        <div class=\"banner-layers container\">\n            <div class=\"fill banner-link\"><\/div>            \n   <div id=\"text-box-1640006854\" class=\"text-box banner-layer x50 md-x50 lg-x50 y0 md-y0 lg-y0 res-text\">\n                                <div class=\"text-box-content text dark text-shadow-2\">\n              \n              <div class=\"text-inner text-center\">\n                  \n<h2>YEMEK ODASI TAKIMLARI<\/h2>\n              <\/div>\n           <\/div>\n                            \n<style>\n#text-box-1640006854 .text-box-content {\n  background-color: rgba(0, 0, 0, 0.26);\n  font-size: 100%;\n}\n#text-box-1640006854 {\n  width: 100%;\n}\n<\/style>\n    <\/div>\n \n        <\/div>\n      <\/div>\n\n            \n<style>\n#banner-479861082 {\n  padding-top: 280px;\n  background-color: rgb(255, 255, 255);\n}\n#banner-479861082 .bg.bg-loaded {\n  background-image: 472;\n}\n#banner-479861082 .ux-shape-divider--top svg {\n  height: 150px;\n  --divider-top-width: 100%;\n}\n#banner-479861082 .ux-shape-divider--bottom svg {\n  height: 150px;\n  --divider-width: 100%;\n}\n<\/style>\n  <\/div>\n\n\n\t\t<\/div>\n\t\t\t\t\t<\/div>\n\n\t\n\n\t<div id=\"col-8628476\" class=\"col medium-3 small-12 large-3\"  >\n\t\t\t\t<div class=\"col-inner\"  >\n\t\t\t\n\t\t\t\n\n  <div class=\"banner has-hover\" id=\"banner-1288874296\">\n          <div class=\"banner-inner fill\">\n        <div class=\"banner-bg fill\" >\n            <div class=\"bg fill bg-fill \"><\/div>\n                                    \n                    <\/div>\n\t\t\n        <div class=\"banner-layers container\">\n            <div class=\"fill banner-link\"><\/div>            \n   <div id=\"text-box-1223477753\" class=\"text-box banner-layer x50 md-x50 lg-x50 y0 md-y0 lg-y0 res-text\">\n                                <div class=\"text-box-content text dark text-shadow-2\">\n              \n              <div class=\"text-inner text-center\">\n                  \n<h1>L KOLTUK<\/h1>\n              <\/div>\n           <\/div>\n                            \n<style>\n#text-box-1223477753 .text-box-content {\n  background-color: rgba(0, 0, 0, 0.26);\n  font-size: 100%;\n}\n#text-box-1223477753 {\n  width: 100%;\n}\n<\/style>\n    <\/div>\n \n        <\/div>\n      <\/div>\n\n            \n<style>\n#banner-1288874296 {\n  padding-top: 280px;\n  background-color: rgb(255, 255, 255);\n}\n#banner-1288874296 .bg.bg-loaded {\n  background-image: 467;\n}\n#banner-1288874296 .ux-shape-divider--top svg {\n  height: 150px;\n  --divider-top-width: 100%;\n}\n#banner-1288874296 .ux-shape-divider--bottom svg {\n  height: 150px;\n  --divider-width: 100%;\n}\n<\/style>\n  <\/div>\n\n\n\t\t<\/div>\n\t\t\t\t\t<\/div>\n\n\t\n\n\t<div id=\"col-1944864380\" class=\"col medium-9 small-12 large-9\"  >\n\t\t\t\t<div class=\"col-inner\"  >\n\t\t\t\n\t\t\t\n\n  <div class=\"banner has-hover\" id=\"banner-9034494\">\n          <div class=\"banner-inner fill\">\n        <div class=\"banner-bg fill\" >\n            <div class=\"bg fill bg-fill \"><\/div>\n                                    \n                    <\/div>\n\t\t\n        <div class=\"banner-layers container\">\n            <div class=\"fill banner-link\"><\/div>            \n   <div id=\"text-box-739261466\" class=\"text-box banner-layer x50 md-x50 lg-x50 y0 md-y0 lg-y0 res-text\">\n                                <div class=\"text-box-content text dark text-shadow-2\">\n              \n              <div class=\"text-inner text-center\">\n                  \n<h3><span style=\"font-size: 115%;\"><strong>\u00c7OCUK ODASI TAKIMLARI<\/strong><\/span><\/h3>\n              <\/div>\n           <\/div>\n                            \n<style>\n#text-box-739261466 .text-box-content {\n  background-color: rgba(0, 0, 0, 0.26);\n  font-size: 100%;\n}\n#text-box-739261466 {\n  width: 100%;\n}\n<\/style>\n    <\/div>\n \n        <\/div>\n      <\/div>\n\n            \n<style>\n#banner-9034494 {\n  padding-top: 280px;\n  background-color: rgb(255, 255, 255);\n}\n#banner-9034494 .bg.bg-loaded {\n  background-image: 476;\n}\n#banner-9034494 .ux-shape-divider--top svg {\n  height: 150px;\n  --divider-top-width: 100%;\n}\n#banner-9034494 .ux-shape-divider--bottom svg {\n  height: 150px;\n  --divider-width: 100%;\n}\n<\/style>\n  <\/div>\n\n\n\t\t<\/div>\n\t\t\t\t\t<\/div>\n\n\t\n<\/div>\n","protected":false},"excerpt":{"rendered":"","protected":false},"author":1,"featured_media":0,"parent":0,"menu_order":0,"comment_status":"closed","ping_status":"closed","template":"page-blank.php","meta":{"footnotes":""},"class_list":["post-216","page","type-page","status-publish","hentry"],"yoast_head":"<!-- This site is optimized with the Yoast SEO plugin v20.7 - https:\/\/yoast.com\/wordpress\/plugins\/seo\/ -->\n<title>Mobilya | Toker Yat\u0131r\u0131m<\/title>\n<meta name=\"robots\" content=\"index, follow, max-snippet:-1, max-image-preview:large, max-video-preview:-1\" \/>\n<link rel=\"canonical\" href=\"https:\/\/tokeryatirim.com\/mobilya\/\" \/>\n<meta property=\"og:locale\" content=\"en_US\" \/>\n<meta property=\"og:type\" content=\"article\" \/>\n<meta property=\"og:title\" content=\"Mobilya | Toker Yat\u0131r\u0131m\" \/>\n<meta property=\"og:url\" content=\"https:\/\/tokeryatirim.com\/mobilya\/\" \/>\n<meta property=\"og:site_name\" content=\"Toker Yat\u0131r\u0131m\" \/>\n<meta property=\"article:publisher\" content=\"https:\/\/www.facebook.com\/tokeryatirim\/\" \/>\n<meta property=\"article:modified_time\" content=\"2019-08-19T12:36:43+00:00\" \/>\n<meta property=\"og:image\" content=\"https:\/\/tokeryatirim.com\/wp-content\/uploads\/2022\/03\/toker-muhendislik-samsun.jpg\" \/>\n\t<meta property=\"og:image:width\" content=\"828\" \/>\n\t<meta property=\"og:image:height\" content=\"603\" \/>\n\t<meta property=\"og:image:type\" content=\"image\/jpeg\" \/>\n<meta name=\"twitter:card\" content=\"summary_large_image\" \/>\n<meta name=\"twitter:site\" content=\"@TokerYatirim\" \/>\n<meta name=\"twitter:label1\" content=\"Est. reading time\" \/>\n\t<meta name=\"twitter:data1\" content=\"2 minutes\" \/>\n<script type=\"application\/ld+json\" class=\"yoast-schema-graph\">{\"@context\":\"https:\/\/schema.org\",\"@graph\":[{\"@type\":\"WebPage\",\"@id\":\"https:\/\/tokeryatirim.com\/mobilya\/\",\"url\":\"https:\/\/tokeryatirim.com\/mobilya\/\",\"name\":\"Mobilya | Toker Yat\u0131r\u0131m\",\"isPartOf\":{\"@id\":\"https:\/\/tokeryatirim.com\/#website\"},\"datePublished\":\"2019-07-29T19:12:48+00:00\",\"dateModified\":\"2019-08-19T12:36:43+00:00\",\"breadcrumb\":{\"@id\":\"https:\/\/tokeryatirim.com\/mobilya\/#breadcrumb\"},\"inLanguage\":\"en-US\",\"potentialAction\":[{\"@type\":\"ReadAction\",\"target\":[\"https:\/\/tokeryatirim.com\/mobilya\/\"]}]},{\"@type\":\"BreadcrumbList\",\"@id\":\"https:\/\/tokeryatirim.com\/mobilya\/#breadcrumb\",\"itemListElement\":[{\"@type\":\"ListItem\",\"position\":1,\"name\":\"Anasayfa\",\"item\":\"https:\/\/tokeryatirim.com\/\"},{\"@type\":\"ListItem\",\"position\":2,\"name\":\"Mobilya\"}]},{\"@type\":\"WebSite\",\"@id\":\"https:\/\/tokeryatirim.com\/#website\",\"url\":\"https:\/\/tokeryatirim.com\/\",\"name\":\"Toker Yat\u0131r\u0131m\",\"description\":\"M\u00fchendislik ve Yat\u0131r\u0131m Dan\u0131\u015fmanl\u0131\u011f\u0131\",\"publisher\":{\"@id\":\"https:\/\/tokeryatirim.com\/#organization\"},\"alternateName\":\"Toker Yat\u0131r\u0131m\",\"potentialAction\":[{\"@type\":\"SearchAction\",\"target\":{\"@type\":\"EntryPoint\",\"urlTemplate\":\"https:\/\/tokeryatirim.com\/?s={search_term_string}\"},\"query-input\":\"required name=search_term_string\"}],\"inLanguage\":\"en-US\"},{\"@type\":\"Organization\",\"@id\":\"https:\/\/tokeryatirim.com\/#organization\",\"name\":\"Toker Yat\u0131r\u0131m | M\u00fchendislik ve Yat\u0131r\u0131m Dan\u0131\u015fmanl\u0131\u011f\u0131\",\"alternateName\":\"Toker Yat\u0131r\u0131m\",\"url\":\"https:\/\/tokeryatirim.com\/\",\"logo\":{\"@type\":\"ImageObject\",\"inLanguage\":\"en-US\",\"@id\":\"https:\/\/tokeryatirim.com\/#\/schema\/logo\/image\/\",\"url\":\"https:\/\/tokeryatirim.com\/wp-content\/uploads\/2022\/02\/Toker-yatirim-logo-icon.png\",\"contentUrl\":\"https:\/\/tokeryatirim.com\/wp-content\/uploads\/2022\/02\/Toker-yatirim-logo-icon.png\",\"width\":150,\"height\":150,\"caption\":\"Toker Yat\u0131r\u0131m | M\u00fchendislik ve Yat\u0131r\u0131m Dan\u0131\u015fmanl\u0131\u011f\u0131\"},\"image\":{\"@id\":\"https:\/\/tokeryatirim.com\/#\/schema\/logo\/image\/\"},\"sameAs\":[\"https:\/\/www.facebook.com\/tokeryatirim\/\",\"https:\/\/twitter.com\/TokerYatirim\",\"https:\/\/www.youtube.com\/@tokeryatirim\",\"https:\/\/www.linkedin.com\/in\/incilay-toker-979057b8\/\",\"https:\/\/www.instagram.com\/tokeryatirim\/\"]}]}<\/script>\n<!-- \/ Yoast SEO plugin. -->","yoast_head_json":{"title":"Mobilya | Toker Yat\u0131r\u0131m","robots":{"index":"index","follow":"follow","max-snippet":"max-snippet:-1","max-image-preview":"max-image-preview:large","max-video-preview":"max-video-preview:-1"},"canonical":"https:\/\/tokeryatirim.com\/mobilya\/","og_locale":"en_US","og_type":"article","og_title":"Mobilya | Toker Yat\u0131r\u0131m","og_url":"https:\/\/tokeryatirim.com\/mobilya\/","og_site_name":"Toker Yat\u0131r\u0131m","article_publisher":"https:\/\/www.facebook.com\/tokeryatirim\/","article_modified_time":"2019-08-19T12:36:43+00:00","og_image":[{"width":828,"height":603,"url":"https:\/\/tokeryatirim.com\/wp-content\/uploads\/2022\/03\/toker-muhendislik-samsun.jpg","type":"image\/jpeg"}],"twitter_card":"summary_large_image","twitter_site":"@TokerYatirim","twitter_misc":{"Est. reading time":"2 minutes"},"schema":{"@context":"https:\/\/schema.org","@graph":[{"@type":"WebPage","@id":"https:\/\/tokeryatirim.com\/mobilya\/","url":"https:\/\/tokeryatirim.com\/mobilya\/","name":"Mobilya | Toker Yat\u0131r\u0131m","isPartOf":{"@id":"https:\/\/tokeryatirim.com\/#website"},"datePublished":"2019-07-29T19:12:48+00:00","dateModified":"2019-08-19T12:36:43+00:00","breadcrumb":{"@id":"https:\/\/tokeryatirim.com\/mobilya\/#breadcrumb"},"inLanguage":"en-US","potentialAction":[{"@type":"ReadAction","target":["https:\/\/tokeryatirim.com\/mobilya\/"]}]},{"@type":"BreadcrumbList","@id":"https:\/\/tokeryatirim.com\/mobilya\/#breadcrumb","itemListElement":[{"@type":"ListItem","position":1,"name":"Anasayfa","item":"https:\/\/tokeryatirim.com\/"},{"@type":"ListItem","position":2,"name":"Mobilya"}]},{"@type":"WebSite","@id":"https:\/\/tokeryatirim.com\/#website","url":"https:\/\/tokeryatirim.com\/","name":"Toker Yat\u0131r\u0131m","description":"M\u00fchendislik ve Yat\u0131r\u0131m Dan\u0131\u015fmanl\u0131\u011f\u0131","publisher":{"@id":"https:\/\/tokeryatirim.com\/#organization"},"alternateName":"Toker Yat\u0131r\u0131m","potentialAction":[{"@type":"SearchAction","target":{"@type":"EntryPoint","urlTemplate":"https:\/\/tokeryatirim.com\/?s={search_term_string}"},"query-input":"required name=search_term_string"}],"inLanguage":"en-US"},{"@type":"Organization","@id":"https:\/\/tokeryatirim.com\/#organization","name":"Toker Yat\u0131r\u0131m | M\u00fchendislik ve Yat\u0131r\u0131m Dan\u0131\u015fmanl\u0131\u011f\u0131","alternateName":"Toker Yat\u0131r\u0131m","url":"https:\/\/tokeryatirim.com\/","logo":{"@type":"ImageObject","inLanguage":"en-US","@id":"https:\/\/tokeryatirim.com\/#\/schema\/logo\/image\/","url":"https:\/\/tokeryatirim.com\/wp-content\/uploads\/2022\/02\/Toker-yatirim-logo-icon.png","contentUrl":"https:\/\/tokeryatirim.com\/wp-content\/uploads\/2022\/02\/Toker-yatirim-logo-icon.png","width":150,"height":150,"caption":"Toker Yat\u0131r\u0131m | M\u00fchendislik ve Yat\u0131r\u0131m Dan\u0131\u015fmanl\u0131\u011f\u0131"},"image":{"@id":"https:\/\/tokeryatirim.com\/#\/schema\/logo\/image\/"},"sameAs":["https:\/\/www.facebook.com\/tokeryatirim\/","https:\/\/twitter.com\/TokerYatirim","https:\/\/www.youtube.com\/@tokeryatirim","https:\/\/www.linkedin.com\/in\/incilay-toker-979057b8\/","https:\/\/www.instagram.com\/tokeryatirim\/"]}]}},"_links":{"self":[{"href":"https:\/\/tokeryatirim.com\/en\/wp-json\/wp\/v2\/pages\/216","targetHints":{"allow":["GET"]}}],"collection":[{"href":"https:\/\/tokeryatirim.com\/en\/wp-json\/wp\/v2\/pages"}],"about":[{"href":"https:\/\/tokeryatirim.com\/en\/wp-json\/wp\/v2\/types\/page"}],"author":[{"embeddable":true,"href":"https:\/\/tokeryatirim.com\/en\/wp-json\/wp\/v2\/users\/1"}],"replies":[{"embeddable":true,"href":"https:\/\/tokeryatirim.com\/en\/wp-json\/wp\/v2\/comments?post=216"}],"version-history":[{"count":18,"href":"https:\/\/tokeryatirim.com\/en\/wp-json\/wp\/v2\/pages\/216\/revisions"}],"predecessor-version":[{"id":699,"href":"https:\/\/tokeryatirim.com\/en\/wp-json\/wp\/v2\/pages\/216\/revisions\/699"}],"wp:attachment":[{"href":"https:\/\/tokeryatirim.com\/en\/wp-json\/wp\/v2\/media?parent=216"}],"curies":[{"name":"wp","href":"https:\/\/api.w.org\/{rel}","templated":true}]}}