{"id":773,"date":"2022-01-24T14:02:37","date_gmt":"2022-01-24T14:02:37","guid":{"rendered":"https:\/\/ecdmedya.com\/demo8\/?page_id=773"},"modified":"2023-03-28T09:42:41","modified_gmt":"2023-03-28T09:42:41","slug":"organizasyon-yapimiz","status":"publish","type":"page","link":"https:\/\/tokeryatirim.com\/en\/kurumsal\/organizasyon-yapimiz\/","title":{"rendered":"Our Team"},"content":{"rendered":"<\/p>\n<div class=\"row row-collapse row-full-width\"  id=\"row-1620935463\">\n\n\t<div id=\"col-1108373131\" class=\"col small-12 large-12\"  >\n\t\t\t\t<div class=\"col-inner\"  >\n\t\t\t\n\t\t\t\n\n  <div class=\"banner has-hover\" id=\"banner-962608123\">\n          <div class=\"banner-inner fill\">\n        <div class=\"banner-bg fill\" >\n            <div class=\"bg fill bg-fill \"><\/div>\n                                    \n                    <\/div>\n\t\t\n        <div class=\"banner-layers container\">\n            <div class=\"fill banner-link\"><\/div>            \n   <div id=\"text-box-1224113374\" class=\"text-box banner-layer x50 md-x50 lg-x50 y50 md-y50 lg-y50 res-text\">\n                                <div class=\"text-box-content text \">\n              \n              <div class=\"text-inner text-center\">\n                  \n<h3 class=\"uppercase\"><strong>OUR TEAM<\/strong><\/h3>\n              <\/div>\n           <\/div>\n                            \n<style>\n#text-box-1224113374 {\n  width: 97%;\n}\n#text-box-1224113374 .text-box-content {\n  font-size: 95%;\n}\n@media (min-width:550px) {\n  #text-box-1224113374 {\n    width: 60%;\n  }\n}\n<\/style>\n    <\/div>\n \n        <\/div>\n      <\/div>\n\n            \n<style>\n#banner-962608123 {\n  padding-top: 49px;\n  background-color: rgb(213, 211, 204);\n}\n#banner-962608123 .ux-shape-divider--top svg {\n  height: 150px;\n  --divider-top-width: 100%;\n}\n#banner-962608123 .ux-shape-divider--bottom svg {\n  height: 150px;\n  --divider-width: 100%;\n}\n<\/style>\n  <\/div>\n\n\n\t\t<\/div>\n\t\t\t\t\t<\/div>\n\n\t\n\n\t<div id=\"col-1269968574\" class=\"col small-12 large-12\"  >\n\t\t\t\t<div class=\"col-inner\"  >\n\t\t\t\n\t\t\t\n\n  <div class=\"banner has-hover\" id=\"banner-280214197\">\n          <div class=\"banner-inner fill\">\n        <div class=\"banner-bg fill\" >\n            <div class=\"bg fill bg-fill \"><\/div>\n                                    \n                    <\/div>\n\t\t\n        <div class=\"banner-layers container\">\n            <div class=\"fill banner-link\"><\/div>            \n        <\/div>\n      <\/div>\n\n            \n<style>\n#banner-280214197 {\n  padding-top: 50px;\n  background-color: rgba(0, 0, 0, 0);\n}\n#banner-280214197 .bg.bg-loaded {\n  background-image: url(https:\/\/tokeryatirim.com\/wp-content\/uploads\/2022\/02\/Banner-toker.png);\n}\n#banner-280214197 .bg {\n  background-position: 100% 0%;\n}\n#banner-280214197 .ux-shape-divider--top svg {\n  height: 150px;\n  --divider-top-width: 100%;\n}\n#banner-280214197 .ux-shape-divider--bottom svg {\n  height: 150px;\n  --divider-width: 100%;\n}\n<\/style>\n  <\/div>\n\n\n\t\t<\/div>\n\t\t\t\t\n<style>\n#col-1269968574 > .col-inner {\n  padding: 0px 0px 0px 0px;\n  margin: -49px 0px -1px 0px;\n}\n<\/style>\n\t<\/div>\n\n\t\n<\/div>\n\t<section class=\"section\" id=\"section_1843712956\">\n\t\t<div class=\"bg section-bg fill bg-fill  bg-loaded\" >\n\n\t\t\t\n\t\t\t\n\t\t\t\n\n\t\t<\/div>\n\n\t\t\n\n\t\t<div class=\"section-content relative\">\n\t\t\t\n<div class=\"row row-large align-middle align-center\"  id=\"row-945916552\">\n\n\t<div id=\"col-1064391504\" class=\"col medium-5 small-10 large-4\"  >\n\t\t\t\t<div class=\"col-inner\" style=\"background-color:rgb(25, 31, 38);\" >\n\t\t\t\n\t\t\t\n<div class=\"row row-collapse\"  id=\"row-831757951\">\n\n\t<div id=\"col-1130879167\" class=\"col small-12 large-12\"  >\n\t\t\t\t<div class=\"col-inner\"  >\n\t\t\t\n\t\t\t\n\t<div class=\"img has-hover x md-x lg-x y md-y lg-y\" id=\"image_1797675561\">\n\t\t\t\t\t\t\t\t<div class=\"img-inner image-cover dark\" style=\"padding-top:130%;\">\n\t\t\t<img loading=\"lazy\" decoding=\"async\" width=\"631\" height=\"800\" src=\"https:\/\/tokeryatirim.com\/wp-content\/uploads\/2022\/08\/Toker-Yatirim-Incilay-Toker-631x800.jpeg\" class=\"attachment-large size-large\" alt=\"\" srcset=\"https:\/\/tokeryatirim.com\/wp-content\/uploads\/2022\/08\/Toker-Yatirim-Incilay-Toker-631x800.jpeg 631w, https:\/\/tokeryatirim.com\/wp-content\/uploads\/2022\/08\/Toker-Yatirim-Incilay-Toker-316x400.jpeg 316w, https:\/\/tokeryatirim.com\/wp-content\/uploads\/2022\/08\/Toker-Yatirim-Incilay-Toker-768x973.jpeg 768w, https:\/\/tokeryatirim.com\/wp-content\/uploads\/2022\/08\/Toker-Yatirim-Incilay-Toker.jpeg 808w\" sizes=\"auto, (max-width: 631px) 100vw, 631px\" \/>\t\t\t\t\t\t\n\t\t\t\t\t<\/div>\n\t\t\t\t\t\t\t\t\n<style>\n#image_1797675561 {\n  width: 100%;\n}\n<\/style>\n\t<\/div>\n\t\n\t\t<\/div>\n\t\t\t\t\n<style>\n#col-1130879167 > .col-inner {\n  margin: -20px 0px 0px -20px;\n}\n<\/style>\n\t<\/div>\n\n\t\n<\/div>\n\t\t<\/div>\n\t\t\t\t\n<style>\n#col-1064391504 > .col-inner {\n  padding: 0px 30px 50px 0px;\n}\n<\/style>\n\t<\/div>\n\n\t\n\n\t<div id=\"col-768157579\" class=\"col medium-5 small-12 large-4\"  >\n\t\t\t\t<div class=\"col-inner text-center\"  >\n\t\t\t\n\t\t\t\n<p style=\"margin-bottom:0px; font-size:80%\">Founder<\/p>\n<h3>\u0130ncilay TOKER<\/h3>\n\t<div id=\"gap-96857856\" class=\"gap-element clearfix\" style=\"display:block; height:auto;\">\n\t\t\n<style>\n#gap-96857856 {\n  padding-top: 10px;\n}\n<\/style>\n\t<\/div>\n\t\n<p>Senior Agricultural Engineer<br \/>\nincilay@tokeryatirim.com<\/p>\n\t\t<\/div>\n\t\t\t\t\n<style>\n#col-768157579 > .col-inner {\n  margin: 0px 0px 40px 0px;\n}\n<\/style>\n\t<\/div>\n\n\t\n\n\t<div id=\"col-675382604\" class=\"col hide-for-medium medium-4 small-12 large-4\"  >\n\t\t\t\t<div class=\"col-inner\"  >\n\t\t\t\n\t\t\t\n\t<div id=\"gap-612952532\" class=\"gap-element clearfix\" style=\"display:block; height:auto;\">\n\t\t\n<style>\n#gap-612952532 {\n  padding-top: 30px;\n}\n<\/style>\n\t<\/div>\n\t\n\t\t<\/div>\n\t\t\t\t\t<\/div>\n\n\t\n<\/div>\n\n\n\t\t<\/div>\n\n\t\t\n<style>\n#section_1843712956 {\n  padding-top: 100px;\n  padding-bottom: 100px;\n}\n#section_1843712956 .ux-shape-divider--top svg {\n  height: 150px;\n  --divider-top-width: 100%;\n}\n#section_1843712956 .ux-shape-divider--bottom svg {\n  height: 150px;\n  --divider-width: 100%;\n}\n<\/style>\n\t<\/section>\n\t\n<p>\n","protected":false},"excerpt":{"rendered":"","protected":false},"author":1,"featured_media":0,"parent":213,"menu_order":0,"comment_status":"closed","ping_status":"closed","template":"","meta":{"footnotes":""},"class_list":["post-773","page","type-page","status-publish","hentry"],"yoast_head":"<!-- This site is optimized with the Yoast SEO plugin v20.7 - https:\/\/yoast.com\/wordpress\/plugins\/seo\/ -->\n<title>Our Team | Toker Yat\u0131r\u0131m<\/title>\n<meta name=\"robots\" content=\"index, follow, max-snippet:-1, max-image-preview:large, max-video-preview:-1\" \/>\n<link rel=\"canonical\" href=\"https:\/\/tokeryatirim.com\/en\/kurumsal\/organizasyon-yapimiz\/\" \/>\n<meta property=\"og:locale\" content=\"en_US\" \/>\n<meta property=\"og:type\" content=\"article\" \/>\n<meta property=\"og:title\" content=\"Our Team\" \/>\n<meta property=\"og:url\" content=\"https:\/\/tokeryatirim.com\/en\/kurumsal\/organizasyon-yapimiz\/\" \/>\n<meta property=\"og:site_name\" content=\"Toker Yat\u0131r\u0131m\" \/>\n<meta property=\"article:publisher\" content=\"https:\/\/www.facebook.com\/tokeryatirim\/\" \/>\n<meta property=\"article:modified_time\" content=\"2023-03-28T09:42:41+00:00\" \/>\n<meta property=\"og:image\" content=\"https:\/\/tokeryatirim.com\/wp-content\/uploads\/2022\/03\/toker-muhendislik-samsun.jpg\" \/>\n\t<meta property=\"og:image:width\" content=\"828\" \/>\n\t<meta property=\"og:image:height\" content=\"603\" \/>\n\t<meta property=\"og:image:type\" content=\"image\/jpeg\" \/>\n<meta name=\"twitter:card\" content=\"summary_large_image\" \/>\n<meta name=\"twitter:site\" content=\"@TokerYatirim\" \/>\n<meta name=\"twitter:label1\" content=\"Est. reading time\" \/>\n\t<meta name=\"twitter:data1\" content=\"3 minutes\" \/>\n<script type=\"application\/ld+json\" class=\"yoast-schema-graph\">{\"@context\":\"https:\/\/schema.org\",\"@graph\":[{\"@type\":\"WebPage\",\"@id\":\"https:\/\/tokeryatirim.com\/en\/kurumsal\/organizasyon-yapimiz\/\",\"url\":\"https:\/\/tokeryatirim.com\/en\/kurumsal\/organizasyon-yapimiz\/\",\"name\":\"[:tr]Ekibimiz[:en]Our Team[:] | Toker Yat\u0131r\u0131m\",\"isPartOf\":{\"@id\":\"https:\/\/tokeryatirim.com\/#website\"},\"datePublished\":\"2022-01-24T14:02:37+00:00\",\"dateModified\":\"2023-03-28T09:42:41+00:00\",\"breadcrumb\":{\"@id\":\"https:\/\/tokeryatirim.com\/en\/kurumsal\/organizasyon-yapimiz\/#breadcrumb\"},\"inLanguage\":\"en-US\",\"potentialAction\":[{\"@type\":\"ReadAction\",\"target\":[\"https:\/\/tokeryatirim.com\/en\/kurumsal\/organizasyon-yapimiz\/\"]}]},{\"@type\":\"BreadcrumbList\",\"@id\":\"https:\/\/tokeryatirim.com\/en\/kurumsal\/organizasyon-yapimiz\/#breadcrumb\",\"itemListElement\":[{\"@type\":\"ListItem\",\"position\":1,\"name\":\"Anasayfa\",\"item\":\"https:\/\/tokeryatirim.com\/\"},{\"@type\":\"ListItem\",\"position\":2,\"name\":\"Kurumsal\",\"item\":\"https:\/\/tokeryatirim.com\/kurumsal\/\"},{\"@type\":\"ListItem\",\"position\":3,\"name\":\"Our Team\"}]},{\"@type\":\"WebSite\",\"@id\":\"https:\/\/tokeryatirim.com\/#website\",\"url\":\"https:\/\/tokeryatirim.com\/\",\"name\":\"Toker Yat\u0131r\u0131m\",\"description\":\"M\u00fchendislik ve Yat\u0131r\u0131m Dan\u0131\u015fmanl\u0131\u011f\u0131\",\"publisher\":{\"@id\":\"https:\/\/tokeryatirim.com\/#organization\"},\"alternateName\":\"Toker Yat\u0131r\u0131m\",\"potentialAction\":[{\"@type\":\"SearchAction\",\"target\":{\"@type\":\"EntryPoint\",\"urlTemplate\":\"https:\/\/tokeryatirim.com\/?s={search_term_string}\"},\"query-input\":\"required name=search_term_string\"}],\"inLanguage\":\"en-US\"},{\"@type\":\"Organization\",\"@id\":\"https:\/\/tokeryatirim.com\/#organization\",\"name\":\"Toker Yat\u0131r\u0131m | M\u00fchendislik ve Yat\u0131r\u0131m Dan\u0131\u015fmanl\u0131\u011f\u0131\",\"alternateName\":\"Toker Yat\u0131r\u0131m\",\"url\":\"https:\/\/tokeryatirim.com\/\",\"logo\":{\"@type\":\"ImageObject\",\"inLanguage\":\"en-US\",\"@id\":\"https:\/\/tokeryatirim.com\/#\/schema\/logo\/image\/\",\"url\":\"https:\/\/tokeryatirim.com\/wp-content\/uploads\/2022\/02\/Toker-yatirim-logo-icon.png\",\"contentUrl\":\"https:\/\/tokeryatirim.com\/wp-content\/uploads\/2022\/02\/Toker-yatirim-logo-icon.png\",\"width\":150,\"height\":150,\"caption\":\"Toker Yat\u0131r\u0131m | M\u00fchendislik ve Yat\u0131r\u0131m Dan\u0131\u015fmanl\u0131\u011f\u0131\"},\"image\":{\"@id\":\"https:\/\/tokeryatirim.com\/#\/schema\/logo\/image\/\"},\"sameAs\":[\"https:\/\/www.facebook.com\/tokeryatirim\/\",\"https:\/\/twitter.com\/TokerYatirim\",\"https:\/\/www.youtube.com\/@tokeryatirim\",\"https:\/\/www.linkedin.com\/in\/incilay-toker-979057b8\/\",\"https:\/\/www.instagram.com\/tokeryatirim\/\"]}]}<\/script>\n<!-- \/ Yoast SEO plugin. -->","yoast_head_json":{"title":"Our Team | Toker Yat\u0131r\u0131m","robots":{"index":"index","follow":"follow","max-snippet":"max-snippet:-1","max-image-preview":"max-image-preview:large","max-video-preview":"max-video-preview:-1"},"canonical":"https:\/\/tokeryatirim.com\/en\/kurumsal\/organizasyon-yapimiz\/","og_locale":"en_US","og_type":"article","og_title":"[:tr]Ekibimiz[:en]Our Team[:] | Toker Yat\u0131r\u0131m","og_url":"https:\/\/tokeryatirim.com\/en\/kurumsal\/organizasyon-yapimiz\/","og_site_name":"Toker Yat\u0131r\u0131m","article_publisher":"https:\/\/www.facebook.com\/tokeryatirim\/","article_modified_time":"2023-03-28T09:42:41+00:00","og_image":[{"width":828,"height":603,"url":"https:\/\/tokeryatirim.com\/wp-content\/uploads\/2022\/03\/toker-muhendislik-samsun.jpg","type":"image\/jpeg"}],"twitter_card":"summary_large_image","twitter_site":"@TokerYatirim","twitter_misc":{"Est. reading time":"3 minutes"},"schema":{"@context":"https:\/\/schema.org","@graph":[{"@type":"WebPage","@id":"https:\/\/tokeryatirim.com\/en\/kurumsal\/organizasyon-yapimiz\/","url":"https:\/\/tokeryatirim.com\/en\/kurumsal\/organizasyon-yapimiz\/","name":"[:tr]Ekibimiz[:en]Our Team[:] | Toker Yat\u0131r\u0131m","isPartOf":{"@id":"https:\/\/tokeryatirim.com\/#website"},"datePublished":"2022-01-24T14:02:37+00:00","dateModified":"2023-03-28T09:42:41+00:00","breadcrumb":{"@id":"https:\/\/tokeryatirim.com\/en\/kurumsal\/organizasyon-yapimiz\/#breadcrumb"},"inLanguage":"en-US","potentialAction":[{"@type":"ReadAction","target":["https:\/\/tokeryatirim.com\/en\/kurumsal\/organizasyon-yapimiz\/"]}]},{"@type":"BreadcrumbList","@id":"https:\/\/tokeryatirim.com\/en\/kurumsal\/organizasyon-yapimiz\/#breadcrumb","itemListElement":[{"@type":"ListItem","position":1,"name":"Anasayfa","item":"https:\/\/tokeryatirim.com\/"},{"@type":"ListItem","position":2,"name":"Kurumsal","item":"https:\/\/tokeryatirim.com\/kurumsal\/"},{"@type":"ListItem","position":3,"name":"Our Team"}]},{"@type":"WebSite","@id":"https:\/\/tokeryatirim.com\/#website","url":"https:\/\/tokeryatirim.com\/","name":"Toker Yat\u0131r\u0131m","description":"M\u00fchendislik ve Yat\u0131r\u0131m Dan\u0131\u015fmanl\u0131\u011f\u0131","publisher":{"@id":"https:\/\/tokeryatirim.com\/#organization"},"alternateName":"Toker Yat\u0131r\u0131m","potentialAction":[{"@type":"SearchAction","target":{"@type":"EntryPoint","urlTemplate":"https:\/\/tokeryatirim.com\/?s={search_term_string}"},"query-input":"required name=search_term_string"}],"inLanguage":"en-US"},{"@type":"Organization","@id":"https:\/\/tokeryatirim.com\/#organization","name":"Toker Yat\u0131r\u0131m | M\u00fchendislik ve Yat\u0131r\u0131m Dan\u0131\u015fmanl\u0131\u011f\u0131","alternateName":"Toker Yat\u0131r\u0131m","url":"https:\/\/tokeryatirim.com\/","logo":{"@type":"ImageObject","inLanguage":"en-US","@id":"https:\/\/tokeryatirim.com\/#\/schema\/logo\/image\/","url":"https:\/\/tokeryatirim.com\/wp-content\/uploads\/2022\/02\/Toker-yatirim-logo-icon.png","contentUrl":"https:\/\/tokeryatirim.com\/wp-content\/uploads\/2022\/02\/Toker-yatirim-logo-icon.png","width":150,"height":150,"caption":"Toker Yat\u0131r\u0131m | M\u00fchendislik ve Yat\u0131r\u0131m Dan\u0131\u015fmanl\u0131\u011f\u0131"},"image":{"@id":"https:\/\/tokeryatirim.com\/#\/schema\/logo\/image\/"},"sameAs":["https:\/\/www.facebook.com\/tokeryatirim\/","https:\/\/twitter.com\/TokerYatirim","https:\/\/www.youtube.com\/@tokeryatirim","https:\/\/www.linkedin.com\/in\/incilay-toker-979057b8\/","https:\/\/www.instagram.com\/tokeryatirim\/"]}]}},"_links":{"self":[{"href":"https:\/\/tokeryatirim.com\/en\/wp-json\/wp\/v2\/pages\/773","targetHints":{"allow":["GET"]}}],"collection":[{"href":"https:\/\/tokeryatirim.com\/en\/wp-json\/wp\/v2\/pages"}],"about":[{"href":"https:\/\/tokeryatirim.com\/en\/wp-json\/wp\/v2\/types\/page"}],"author":[{"embeddable":true,"href":"https:\/\/tokeryatirim.com\/en\/wp-json\/wp\/v2\/users\/1"}],"replies":[{"embeddable":true,"href":"https:\/\/tokeryatirim.com\/en\/wp-json\/wp\/v2\/comments?post=773"}],"version-history":[{"count":21,"href":"https:\/\/tokeryatirim.com\/en\/wp-json\/wp\/v2\/pages\/773\/revisions"}],"predecessor-version":[{"id":3268,"href":"https:\/\/tokeryatirim.com\/en\/wp-json\/wp\/v2\/pages\/773\/revisions\/3268"}],"up":[{"embeddable":true,"href":"https:\/\/tokeryatirim.com\/en\/wp-json\/wp\/v2\/pages\/213"}],"wp:attachment":[{"href":"https:\/\/tokeryatirim.com\/en\/wp-json\/wp\/v2\/media?parent=773"}],"curies":[{"name":"wp","href":"https:\/\/api.w.org\/{rel}","templated":true}]}}