{"id":858,"date":"2022-01-24T15:49:51","date_gmt":"2022-01-24T15:49:51","guid":{"rendered":"https:\/\/ecdmedya.com\/demo8\/?page_id=858"},"modified":"2023-03-08T14:03:04","modified_gmt":"2023-03-08T14:03:04","slug":"galeri","status":"publish","type":"page","link":"https:\/\/tokeryatirim.com\/en\/galeri\/","title":{"rendered":"Gallery"},"content":{"rendered":"<div class=\"row row-collapse row-full-width\"  id=\"row-659103103\">\n\n\t<div id=\"col-71334670\" class=\"col small-12 large-12\"  >\n\t\t\t\t<div class=\"col-inner\"  >\n\t\t\t\n\t\t\t\n\n  <div class=\"banner has-hover\" id=\"banner-363991838\">\n          <div class=\"banner-inner fill\">\n        <div class=\"banner-bg fill\" >\n            <div class=\"bg fill bg-fill \"><\/div>\n                                    \n                    <\/div>\n\t\t\n        <div class=\"banner-layers container\">\n            <div class=\"fill banner-link\"><\/div>            \n   <div id=\"text-box-1632826121\" class=\"text-box banner-layer x50 md-x50 lg-x50 y50 md-y50 lg-y50 res-text\">\n                                <div class=\"text-box-content text \">\n              \n              <div class=\"text-inner text-center\">\n                  \n<h3 class=\"uppercase\"><strong>Gallery<\/strong><\/h3>\n              <\/div>\n           <\/div>\n                            \n<style>\n#text-box-1632826121 {\n  width: 97%;\n}\n#text-box-1632826121 .text-box-content {\n  font-size: 95%;\n}\n@media (min-width:550px) {\n  #text-box-1632826121 {\n    width: 60%;\n  }\n}\n<\/style>\n    <\/div>\n \n        <\/div>\n      <\/div>\n\n            \n<style>\n#banner-363991838 {\n  padding-top: 49px;\n  background-color: rgb(213, 211, 204);\n}\n#banner-363991838 .ux-shape-divider--top svg {\n  height: 150px;\n  --divider-top-width: 100%;\n}\n#banner-363991838 .ux-shape-divider--bottom svg {\n  height: 150px;\n  --divider-width: 100%;\n}\n<\/style>\n  <\/div>\n\n\n\t\t<\/div>\n\t\t\t\t\t<\/div>\n\n\t\n\n\t<div id=\"col-1645134866\" class=\"col small-12 large-12\"  >\n\t\t\t\t<div class=\"col-inner\"  >\n\t\t\t\n\t\t\t\n\n  <div class=\"banner has-hover\" id=\"banner-2141473072\">\n          <div class=\"banner-inner fill\">\n        <div class=\"banner-bg fill\" >\n            <div class=\"bg fill bg-fill \"><\/div>\n                                    \n                    <\/div>\n\t\t\n        <div class=\"banner-layers container\">\n            <div class=\"fill banner-link\"><\/div>            \n        <\/div>\n      <\/div>\n\n            \n<style>\n#banner-2141473072 {\n  padding-top: 50px;\n  background-color: rgba(0, 0, 0, 0);\n}\n#banner-2141473072 .bg.bg-loaded {\n  background-image: url(https:\/\/tokeryatirim.com\/wp-content\/uploads\/2022\/02\/Banner-toker.png);\n}\n#banner-2141473072 .bg {\n  background-position: 100% 0%;\n}\n#banner-2141473072 .ux-shape-divider--top svg {\n  height: 150px;\n  --divider-top-width: 100%;\n}\n#banner-2141473072 .ux-shape-divider--bottom svg {\n  height: 150px;\n  --divider-width: 100%;\n}\n<\/style>\n  <\/div>\n\n\n\t\t<\/div>\n\t\t\t\t\n<style>\n#col-1645134866 > .col-inner {\n  padding: 0px 0px 0px 0px;\n  margin: -49px 0px -1px 0px;\n}\n<\/style>\n\t<\/div>\n\n\t\n<\/div>\n\t<div id=\"gap-1636321539\" class=\"gap-element clearfix\" style=\"display:block; height:auto;\">\n\t\t\n<style>\n#gap-1636321539 {\n  padding-top: 30px;\n}\n<\/style>\n\t<\/div>\n\t\n\n  \n    <div class=\"row large-columns-2 medium-columns- small-columns-1 row-small\">\n  <div class=\"gallery-col col\" >\n          <div class=\"col-inner\">\n                        <div class=\"box has-hover gallery-box box-none\">\n              <div class=\"box-image image-cover\" style=\"padding-top:75%;\">\n                <img loading=\"lazy\" decoding=\"async\" width=\"769\" height=\"753\" src=\"https:\/\/tokeryatirim.com\/wp-content\/uploads\/2022\/01\/Toker-Atakum.png\" class=\"attachment-original size-original\" alt=\"\" ids=\"1138,2629,2630,2631,2836,2837,2839,2840\" style=\"none\" lightbox=\"false\" col_spacing=\"small\" columns=\"2\" columns__sm=\"1\" image_height=\"75%\" image_size=\"original\" srcset=\"https:\/\/tokeryatirim.com\/wp-content\/uploads\/2022\/01\/Toker-Atakum.png 769w, https:\/\/tokeryatirim.com\/wp-content\/uploads\/2022\/01\/Toker-Atakum-408x400.png 408w\" sizes=\"auto, (max-width: 769px) 100vw, 769px\" \/>                                                              <\/div>\n              <div class=\"box-text text-left\" >\n                 <p><\/p>\n              <\/div>\n            <\/div>\n                      <\/div>\n         <\/div><div class=\"gallery-col col\" >\n          <div class=\"col-inner\">\n                        <div class=\"box has-hover gallery-box box-none\">\n              <div class=\"box-image image-cover\" style=\"padding-top:75%;\">\n                <img loading=\"lazy\" decoding=\"async\" width=\"1200\" height=\"1600\" src=\"https:\/\/tokeryatirim.com\/wp-content\/uploads\/2022\/03\/toker-insaat-atakum.jpeg\" class=\"attachment-original size-original\" alt=\"\" ids=\"1138,2629,2630,2631,2836,2837,2839,2840\" style=\"none\" lightbox=\"false\" col_spacing=\"small\" columns=\"2\" columns__sm=\"1\" image_height=\"75%\" image_size=\"original\" srcset=\"https:\/\/tokeryatirim.com\/wp-content\/uploads\/2022\/03\/toker-insaat-atakum.jpeg 1200w, https:\/\/tokeryatirim.com\/wp-content\/uploads\/2022\/03\/toker-insaat-atakum-300x400.jpeg 300w, https:\/\/tokeryatirim.com\/wp-content\/uploads\/2022\/03\/toker-insaat-atakum-600x800.jpeg 600w, https:\/\/tokeryatirim.com\/wp-content\/uploads\/2022\/03\/toker-insaat-atakum-768x1024.jpeg 768w, https:\/\/tokeryatirim.com\/wp-content\/uploads\/2022\/03\/toker-insaat-atakum-1152x1536.jpeg 1152w\" sizes=\"auto, (max-width: 1200px) 100vw, 1200px\" \/>                                                              <\/div>\n              <div class=\"box-text text-left\" >\n                 <p><\/p>\n              <\/div>\n            <\/div>\n                      <\/div>\n         <\/div><div class=\"gallery-col col\" >\n          <div class=\"col-inner\">\n                        <div class=\"box has-hover gallery-box box-none\">\n              <div class=\"box-image image-cover\" style=\"padding-top:75%;\">\n                <img loading=\"lazy\" decoding=\"async\" width=\"768\" height=\"1024\" src=\"https:\/\/tokeryatirim.com\/wp-content\/uploads\/2022\/03\/Toker-insaat-ve-danismanlik.jpeg\" class=\"attachment-original size-original\" alt=\"\" ids=\"1138,2629,2630,2631,2836,2837,2839,2840\" style=\"none\" lightbox=\"false\" col_spacing=\"small\" columns=\"2\" columns__sm=\"1\" image_height=\"75%\" image_size=\"original\" srcset=\"https:\/\/tokeryatirim.com\/wp-content\/uploads\/2022\/03\/Toker-insaat-ve-danismanlik.jpeg 768w, https:\/\/tokeryatirim.com\/wp-content\/uploads\/2022\/03\/Toker-insaat-ve-danismanlik-300x400.jpeg 300w, https:\/\/tokeryatirim.com\/wp-content\/uploads\/2022\/03\/Toker-insaat-ve-danismanlik-600x800.jpeg 600w\" sizes=\"auto, (max-width: 768px) 100vw, 768px\" \/>                                                              <\/div>\n              <div class=\"box-text text-left\" >\n                 <p><\/p>\n              <\/div>\n            <\/div>\n                      <\/div>\n         <\/div><div class=\"gallery-col col\" >\n          <div class=\"col-inner\">\n                        <div class=\"box has-hover gallery-box box-none\">\n              <div class=\"box-image image-cover\" style=\"padding-top:75%;\">\n                <img loading=\"lazy\" decoding=\"async\" width=\"768\" height=\"1024\" src=\"https:\/\/tokeryatirim.com\/wp-content\/uploads\/2022\/03\/toker-muhendislik-ve-insaat.jpeg\" class=\"attachment-original size-original\" alt=\"\" ids=\"1138,2629,2630,2631,2836,2837,2839,2840\" style=\"none\" lightbox=\"false\" col_spacing=\"small\" columns=\"2\" columns__sm=\"1\" image_height=\"75%\" image_size=\"original\" srcset=\"https:\/\/tokeryatirim.com\/wp-content\/uploads\/2022\/03\/toker-muhendislik-ve-insaat.jpeg 768w, https:\/\/tokeryatirim.com\/wp-content\/uploads\/2022\/03\/toker-muhendislik-ve-insaat-300x400.jpeg 300w, https:\/\/tokeryatirim.com\/wp-content\/uploads\/2022\/03\/toker-muhendislik-ve-insaat-600x800.jpeg 600w\" sizes=\"auto, (max-width: 768px) 100vw, 768px\" \/>                                                              <\/div>\n              <div class=\"box-text text-left\" >\n                 <p><\/p>\n              <\/div>\n            <\/div>\n                      <\/div>\n         <\/div><div class=\"gallery-col col\" >\n          <div class=\"col-inner\">\n                        <div class=\"box has-hover gallery-box box-none\">\n              <div class=\"box-image image-cover\" style=\"padding-top:75%;\">\n                <img loading=\"lazy\" decoding=\"async\" width=\"750\" height=\"1000\" src=\"https:\/\/tokeryatirim.com\/wp-content\/uploads\/2022\/03\/toker-yatirim-ilkadim-ofis.jpg\" class=\"attachment-original size-original\" alt=\"\" ids=\"1138,2629,2630,2631,2836,2837,2839,2840\" style=\"none\" lightbox=\"false\" col_spacing=\"small\" columns=\"2\" columns__sm=\"1\" image_height=\"75%\" image_size=\"original\" srcset=\"https:\/\/tokeryatirim.com\/wp-content\/uploads\/2022\/03\/toker-yatirim-ilkadim-ofis.jpg 750w, https:\/\/tokeryatirim.com\/wp-content\/uploads\/2022\/03\/toker-yatirim-ilkadim-ofis-300x400.jpg 300w, https:\/\/tokeryatirim.com\/wp-content\/uploads\/2022\/03\/toker-yatirim-ilkadim-ofis-600x800.jpg 600w\" sizes=\"auto, (max-width: 750px) 100vw, 750px\" \/>                                                              <\/div>\n              <div class=\"box-text text-left\" >\n                 <p><\/p>\n              <\/div>\n            <\/div>\n                      <\/div>\n         <\/div><div class=\"gallery-col col\" >\n          <div class=\"col-inner\">\n                        <div class=\"box has-hover gallery-box box-none\">\n              <div class=\"box-image image-cover\" style=\"padding-top:75%;\">\n                <img loading=\"lazy\" decoding=\"async\" width=\"750\" height=\"1000\" src=\"https:\/\/tokeryatirim.com\/wp-content\/uploads\/2022\/03\/incilay-toker-ilkadim-ofis.jpg\" class=\"attachment-original size-original\" alt=\"\" ids=\"1138,2629,2630,2631,2836,2837,2839,2840\" style=\"none\" lightbox=\"false\" col_spacing=\"small\" columns=\"2\" columns__sm=\"1\" image_height=\"75%\" image_size=\"original\" srcset=\"https:\/\/tokeryatirim.com\/wp-content\/uploads\/2022\/03\/incilay-toker-ilkadim-ofis.jpg 750w, https:\/\/tokeryatirim.com\/wp-content\/uploads\/2022\/03\/incilay-toker-ilkadim-ofis-300x400.jpg 300w, https:\/\/tokeryatirim.com\/wp-content\/uploads\/2022\/03\/incilay-toker-ilkadim-ofis-600x800.jpg 600w\" sizes=\"auto, (max-width: 750px) 100vw, 750px\" \/>                                                              <\/div>\n              <div class=\"box-text text-left\" >\n                 <p><\/p>\n              <\/div>\n            <\/div>\n                      <\/div>\n         <\/div><div class=\"gallery-col col\" >\n          <div class=\"col-inner\">\n                        <div class=\"box has-hover gallery-box box-none\">\n              <div class=\"box-image image-cover\" style=\"padding-top:75%;\">\n                <img loading=\"lazy\" decoding=\"async\" width=\"750\" height=\"1000\" src=\"https:\/\/tokeryatirim.com\/wp-content\/uploads\/2022\/03\/toker-muhendislik-ilkadim-ofis.jpg\" class=\"attachment-original size-original\" alt=\"\" ids=\"1138,2629,2630,2631,2836,2837,2839,2840\" style=\"none\" lightbox=\"false\" col_spacing=\"small\" columns=\"2\" columns__sm=\"1\" image_height=\"75%\" image_size=\"original\" srcset=\"https:\/\/tokeryatirim.com\/wp-content\/uploads\/2022\/03\/toker-muhendislik-ilkadim-ofis.jpg 750w, https:\/\/tokeryatirim.com\/wp-content\/uploads\/2022\/03\/toker-muhendislik-ilkadim-ofis-300x400.jpg 300w, https:\/\/tokeryatirim.com\/wp-content\/uploads\/2022\/03\/toker-muhendislik-ilkadim-ofis-600x800.jpg 600w\" sizes=\"auto, (max-width: 750px) 100vw, 750px\" \/>                                                              <\/div>\n              <div class=\"box-text text-left\" >\n                 <p><\/p>\n              <\/div>\n            <\/div>\n                      <\/div>\n         <\/div><div class=\"gallery-col col\" >\n          <div class=\"col-inner\">\n                        <div class=\"box has-hover gallery-box box-none\">\n              <div class=\"box-image image-cover\" style=\"padding-top:75%;\">\n                <img loading=\"lazy\" decoding=\"async\" width=\"750\" height=\"1000\" src=\"https:\/\/tokeryatirim.com\/wp-content\/uploads\/2022\/03\/toker-yatirim-ve-muhendislik-danismanlik.jpg\" class=\"attachment-original size-original\" alt=\"\" ids=\"1138,2629,2630,2631,2836,2837,2839,2840\" style=\"none\" lightbox=\"false\" col_spacing=\"small\" columns=\"2\" columns__sm=\"1\" image_height=\"75%\" image_size=\"original\" srcset=\"https:\/\/tokeryatirim.com\/wp-content\/uploads\/2022\/03\/toker-yatirim-ve-muhendislik-danismanlik.jpg 750w, https:\/\/tokeryatirim.com\/wp-content\/uploads\/2022\/03\/toker-yatirim-ve-muhendislik-danismanlik-300x400.jpg 300w, https:\/\/tokeryatirim.com\/wp-content\/uploads\/2022\/03\/toker-yatirim-ve-muhendislik-danismanlik-600x800.jpg 600w\" sizes=\"auto, (max-width: 750px) 100vw, 750px\" \/>                                                              <\/div>\n              <div class=\"box-text text-left\" >\n                 <p><\/p>\n              <\/div>\n            <\/div>\n                      <\/div>\n         <\/div><\/div>\n","protected":false},"excerpt":{"rendered":"","protected":false},"author":1,"featured_media":0,"parent":0,"menu_order":0,"comment_status":"closed","ping_status":"closed","template":"page-blank.php","meta":{"footnotes":""},"class_list":["post-858","page","type-page","status-publish","hentry"],"yoast_head":"<!-- This site is optimized with the Yoast SEO plugin v20.7 - https:\/\/yoast.com\/wordpress\/plugins\/seo\/ -->\n<title>Gallery | Toker Yat\u0131r\u0131m<\/title>\n<meta name=\"robots\" content=\"index, follow, max-snippet:-1, max-image-preview:large, max-video-preview:-1\" \/>\n<link rel=\"canonical\" href=\"https:\/\/tokeryatirim.com\/en\/galeri\/\" \/>\n<meta property=\"og:locale\" content=\"en_US\" \/>\n<meta property=\"og:type\" content=\"article\" \/>\n<meta property=\"og:title\" content=\"Gallery\" \/>\n<meta property=\"og:url\" content=\"https:\/\/tokeryatirim.com\/en\/galeri\/\" \/>\n<meta property=\"og:site_name\" content=\"Toker Yat\u0131r\u0131m\" \/>\n<meta property=\"article:publisher\" content=\"https:\/\/www.facebook.com\/tokeryatirim\/\" \/>\n<meta property=\"article:modified_time\" content=\"2023-03-08T14:03:04+00:00\" \/>\n<meta property=\"og:image\" content=\"https:\/\/tokeryatirim.com\/wp-content\/uploads\/2022\/03\/toker-muhendislik-samsun.jpg\" \/>\n\t<meta property=\"og:image:width\" content=\"828\" \/>\n\t<meta property=\"og:image:height\" content=\"603\" \/>\n\t<meta property=\"og:image:type\" content=\"image\/jpeg\" \/>\n<meta name=\"twitter:card\" content=\"summary_large_image\" \/>\n<meta name=\"twitter:site\" content=\"@TokerYatirim\" \/>\n<meta name=\"twitter:label1\" content=\"Est. reading time\" \/>\n\t<meta name=\"twitter:data1\" content=\"1 minute\" \/>\n<script type=\"application\/ld+json\" class=\"yoast-schema-graph\">{\"@context\":\"https:\/\/schema.org\",\"@graph\":[{\"@type\":\"WebPage\",\"@id\":\"https:\/\/tokeryatirim.com\/en\/galeri\/\",\"url\":\"https:\/\/tokeryatirim.com\/en\/galeri\/\",\"name\":\"[:tr]Galeri[:en]Gallery[:] | Toker Yat\u0131r\u0131m\",\"isPartOf\":{\"@id\":\"https:\/\/tokeryatirim.com\/#website\"},\"datePublished\":\"2022-01-24T15:49:51+00:00\",\"dateModified\":\"2023-03-08T14:03:04+00:00\",\"breadcrumb\":{\"@id\":\"https:\/\/tokeryatirim.com\/en\/galeri\/#breadcrumb\"},\"inLanguage\":\"en-US\",\"potentialAction\":[{\"@type\":\"ReadAction\",\"target\":[\"https:\/\/tokeryatirim.com\/en\/galeri\/\"]}]},{\"@type\":\"BreadcrumbList\",\"@id\":\"https:\/\/tokeryatirim.com\/en\/galeri\/#breadcrumb\",\"itemListElement\":[{\"@type\":\"ListItem\",\"position\":1,\"name\":\"Anasayfa\",\"item\":\"https:\/\/tokeryatirim.com\/\"},{\"@type\":\"ListItem\",\"position\":2,\"name\":\"Gallery\"}]},{\"@type\":\"WebSite\",\"@id\":\"https:\/\/tokeryatirim.com\/#website\",\"url\":\"https:\/\/tokeryatirim.com\/\",\"name\":\"Toker Yat\u0131r\u0131m\",\"description\":\"M\u00fchendislik ve Yat\u0131r\u0131m Dan\u0131\u015fmanl\u0131\u011f\u0131\",\"publisher\":{\"@id\":\"https:\/\/tokeryatirim.com\/#organization\"},\"alternateName\":\"Toker Yat\u0131r\u0131m\",\"potentialAction\":[{\"@type\":\"SearchAction\",\"target\":{\"@type\":\"EntryPoint\",\"urlTemplate\":\"https:\/\/tokeryatirim.com\/?s={search_term_string}\"},\"query-input\":\"required name=search_term_string\"}],\"inLanguage\":\"en-US\"},{\"@type\":\"Organization\",\"@id\":\"https:\/\/tokeryatirim.com\/#organization\",\"name\":\"Toker Yat\u0131r\u0131m | M\u00fchendislik ve Yat\u0131r\u0131m Dan\u0131\u015fmanl\u0131\u011f\u0131\",\"alternateName\":\"Toker Yat\u0131r\u0131m\",\"url\":\"https:\/\/tokeryatirim.com\/\",\"logo\":{\"@type\":\"ImageObject\",\"inLanguage\":\"en-US\",\"@id\":\"https:\/\/tokeryatirim.com\/#\/schema\/logo\/image\/\",\"url\":\"https:\/\/tokeryatirim.com\/wp-content\/uploads\/2022\/02\/Toker-yatirim-logo-icon.png\",\"contentUrl\":\"https:\/\/tokeryatirim.com\/wp-content\/uploads\/2022\/02\/Toker-yatirim-logo-icon.png\",\"width\":150,\"height\":150,\"caption\":\"Toker Yat\u0131r\u0131m | M\u00fchendislik ve Yat\u0131r\u0131m Dan\u0131\u015fmanl\u0131\u011f\u0131\"},\"image\":{\"@id\":\"https:\/\/tokeryatirim.com\/#\/schema\/logo\/image\/\"},\"sameAs\":[\"https:\/\/www.facebook.com\/tokeryatirim\/\",\"https:\/\/twitter.com\/TokerYatirim\",\"https:\/\/www.youtube.com\/@tokeryatirim\",\"https:\/\/www.linkedin.com\/in\/incilay-toker-979057b8\/\",\"https:\/\/www.instagram.com\/tokeryatirim\/\"]}]}<\/script>\n<!-- \/ Yoast SEO plugin. -->","yoast_head_json":{"title":"Gallery | Toker Yat\u0131r\u0131m","robots":{"index":"index","follow":"follow","max-snippet":"max-snippet:-1","max-image-preview":"max-image-preview:large","max-video-preview":"max-video-preview:-1"},"canonical":"https:\/\/tokeryatirim.com\/en\/galeri\/","og_locale":"en_US","og_type":"article","og_title":"[:tr]Galeri[:en]Gallery[:] | Toker Yat\u0131r\u0131m","og_url":"https:\/\/tokeryatirim.com\/en\/galeri\/","og_site_name":"Toker Yat\u0131r\u0131m","article_publisher":"https:\/\/www.facebook.com\/tokeryatirim\/","article_modified_time":"2023-03-08T14:03:04+00:00","og_image":[{"width":828,"height":603,"url":"https:\/\/tokeryatirim.com\/wp-content\/uploads\/2022\/03\/toker-muhendislik-samsun.jpg","type":"image\/jpeg"}],"twitter_card":"summary_large_image","twitter_site":"@TokerYatirim","twitter_misc":{"Est. reading time":"1 minute"},"schema":{"@context":"https:\/\/schema.org","@graph":[{"@type":"WebPage","@id":"https:\/\/tokeryatirim.com\/en\/galeri\/","url":"https:\/\/tokeryatirim.com\/en\/galeri\/","name":"[:tr]Galeri[:en]Gallery[:] | Toker Yat\u0131r\u0131m","isPartOf":{"@id":"https:\/\/tokeryatirim.com\/#website"},"datePublished":"2022-01-24T15:49:51+00:00","dateModified":"2023-03-08T14:03:04+00:00","breadcrumb":{"@id":"https:\/\/tokeryatirim.com\/en\/galeri\/#breadcrumb"},"inLanguage":"en-US","potentialAction":[{"@type":"ReadAction","target":["https:\/\/tokeryatirim.com\/en\/galeri\/"]}]},{"@type":"BreadcrumbList","@id":"https:\/\/tokeryatirim.com\/en\/galeri\/#breadcrumb","itemListElement":[{"@type":"ListItem","position":1,"name":"Anasayfa","item":"https:\/\/tokeryatirim.com\/"},{"@type":"ListItem","position":2,"name":"Gallery"}]},{"@type":"WebSite","@id":"https:\/\/tokeryatirim.com\/#website","url":"https:\/\/tokeryatirim.com\/","name":"Toker Yat\u0131r\u0131m","description":"M\u00fchendislik ve Yat\u0131r\u0131m Dan\u0131\u015fmanl\u0131\u011f\u0131","publisher":{"@id":"https:\/\/tokeryatirim.com\/#organization"},"alternateName":"Toker Yat\u0131r\u0131m","potentialAction":[{"@type":"SearchAction","target":{"@type":"EntryPoint","urlTemplate":"https:\/\/tokeryatirim.com\/?s={search_term_string}"},"query-input":"required name=search_term_string"}],"inLanguage":"en-US"},{"@type":"Organization","@id":"https:\/\/tokeryatirim.com\/#organization","name":"Toker Yat\u0131r\u0131m | M\u00fchendislik ve Yat\u0131r\u0131m Dan\u0131\u015fmanl\u0131\u011f\u0131","alternateName":"Toker Yat\u0131r\u0131m","url":"https:\/\/tokeryatirim.com\/","logo":{"@type":"ImageObject","inLanguage":"en-US","@id":"https:\/\/tokeryatirim.com\/#\/schema\/logo\/image\/","url":"https:\/\/tokeryatirim.com\/wp-content\/uploads\/2022\/02\/Toker-yatirim-logo-icon.png","contentUrl":"https:\/\/tokeryatirim.com\/wp-content\/uploads\/2022\/02\/Toker-yatirim-logo-icon.png","width":150,"height":150,"caption":"Toker Yat\u0131r\u0131m | M\u00fchendislik ve Yat\u0131r\u0131m Dan\u0131\u015fmanl\u0131\u011f\u0131"},"image":{"@id":"https:\/\/tokeryatirim.com\/#\/schema\/logo\/image\/"},"sameAs":["https:\/\/www.facebook.com\/tokeryatirim\/","https:\/\/twitter.com\/TokerYatirim","https:\/\/www.youtube.com\/@tokeryatirim","https:\/\/www.linkedin.com\/in\/incilay-toker-979057b8\/","https:\/\/www.instagram.com\/tokeryatirim\/"]}]}},"_links":{"self":[{"href":"https:\/\/tokeryatirim.com\/en\/wp-json\/wp\/v2\/pages\/858","targetHints":{"allow":["GET"]}}],"collection":[{"href":"https:\/\/tokeryatirim.com\/en\/wp-json\/wp\/v2\/pages"}],"about":[{"href":"https:\/\/tokeryatirim.com\/en\/wp-json\/wp\/v2\/types\/page"}],"author":[{"embeddable":true,"href":"https:\/\/tokeryatirim.com\/en\/wp-json\/wp\/v2\/users\/1"}],"replies":[{"embeddable":true,"href":"https:\/\/tokeryatirim.com\/en\/wp-json\/wp\/v2\/comments?post=858"}],"version-history":[{"count":13,"href":"https:\/\/tokeryatirim.com\/en\/wp-json\/wp\/v2\/pages\/858\/revisions"}],"predecessor-version":[{"id":3266,"href":"https:\/\/tokeryatirim.com\/en\/wp-json\/wp\/v2\/pages\/858\/revisions\/3266"}],"wp:attachment":[{"href":"https:\/\/tokeryatirim.com\/en\/wp-json\/wp\/v2\/media?parent=858"}],"curies":[{"name":"wp","href":"https:\/\/api.w.org\/{rel}","templated":true}]}}