{"id":868,"date":"2022-01-24T15:53:46","date_gmt":"2022-01-24T15:53:46","guid":{"rendered":"https:\/\/ecdmedya.com\/demo8\/?page_id=868"},"modified":"2022-03-07T15:11:35","modified_gmt":"2022-03-07T15:11:35","slug":"insan-kaynaklari","status":"publish","type":"page","link":"https:\/\/tokeryatirim.com\/en\/insan-kaynaklari\/","title":{"rendered":"\u0130nsan Kaynaklar\u0131"},"content":{"rendered":"<div class=\"row row-collapse row-full-width\"  id=\"row-1028980125\">\n\n\t<div id=\"col-1574027957\" class=\"col small-12 large-12\"  >\n\t\t\t\t<div class=\"col-inner\"  >\n\t\t\t\n\t\t\t\n\n  <div class=\"banner has-hover\" id=\"banner-297488444\">\n          <div class=\"banner-inner fill\">\n        <div class=\"banner-bg fill\" >\n            <div class=\"bg fill bg-fill \"><\/div>\n                                    \n                    <\/div>\n\t\t\n        <div class=\"banner-layers container\">\n            <div class=\"fill banner-link\"><\/div>            \n   <div id=\"text-box-1660917654\" class=\"text-box banner-layer x50 md-x50 lg-x50 y50 md-y50 lg-y50 res-text\">\n                                <div class=\"text-box-content text \">\n              \n              <div class=\"text-inner text-center\">\n                  \n<h3 class=\"uppercase\"><strong>\u0130NSAN KAYNAKLARI<\/strong><\/h3>\n              <\/div>\n           <\/div>\n                            \n<style>\n#text-box-1660917654 {\n  width: 97%;\n}\n#text-box-1660917654 .text-box-content {\n  font-size: 95%;\n}\n@media (min-width:550px) {\n  #text-box-1660917654 {\n    width: 60%;\n  }\n}\n<\/style>\n    <\/div>\n \n        <\/div>\n      <\/div>\n\n            \n<style>\n#banner-297488444 {\n  padding-top: 49px;\n  background-color: rgb(213, 211, 204);\n}\n#banner-297488444 .ux-shape-divider--top svg {\n  height: 150px;\n  --divider-top-width: 100%;\n}\n#banner-297488444 .ux-shape-divider--bottom svg {\n  height: 150px;\n  --divider-width: 100%;\n}\n<\/style>\n  <\/div>\n\n\n\t\t<\/div>\n\t\t\t\t\t<\/div>\n\n\t\n\n\t<div id=\"col-622833704\" class=\"col small-12 large-12\"  >\n\t\t\t\t<div class=\"col-inner\"  >\n\t\t\t\n\t\t\t\n\n  <div class=\"banner has-hover\" id=\"banner-953550577\">\n          <div class=\"banner-inner fill\">\n        <div class=\"banner-bg fill\" >\n            <div class=\"bg fill bg-fill \"><\/div>\n                                    \n                    <\/div>\n\t\t\n        <div class=\"banner-layers container\">\n            <div class=\"fill banner-link\"><\/div>            \n        <\/div>\n      <\/div>\n\n            \n<style>\n#banner-953550577 {\n  padding-top: 50px;\n  background-color: rgba(0, 0, 0, 0);\n}\n#banner-953550577 .bg.bg-loaded {\n  background-image: url(https:\/\/tokeryatirim.com\/wp-content\/uploads\/2022\/02\/Banner-toker.png);\n}\n#banner-953550577 .bg {\n  background-position: 100% 0%;\n}\n#banner-953550577 .ux-shape-divider--top svg {\n  height: 150px;\n  --divider-top-width: 100%;\n}\n#banner-953550577 .ux-shape-divider--bottom svg {\n  height: 150px;\n  --divider-width: 100%;\n}\n<\/style>\n  <\/div>\n\n\n\t\t<\/div>\n\t\t\t\t\n<style>\n#col-622833704 > .col-inner {\n  padding: 0px 0px 0px 0px;\n  margin: -49px 0px -1px 0px;\n}\n<\/style>\n\t<\/div>\n\n\t\n<\/div>\n\t<div id=\"gap-1864138978\" class=\"gap-element clearfix\" style=\"display:block; height:auto;\">\n\t\t\n<style>\n#gap-1864138978 {\n  padding-top: 30px;\n}\n<\/style>\n\t<\/div>\n\t\n<div class=\"row align-center\"  id=\"row-274276329\">\n\n\t<div id=\"col-1888469029\" class=\"col medium-1 small-3 large-1\"  >\n\t\t\t\t<div class=\"col-inner text-center\"  >\n\t\t\t\n\t\t\t\n\t<div class=\"img has-hover x md-x lg-x y md-y lg-y\" id=\"image_1807947775\">\n\t\t\t\t\t\t\t\t<div class=\"img-inner dark\" style=\"margin:0px 0px -8px 0px;\">\n\t\t\t<img loading=\"lazy\" decoding=\"async\" width=\"128\" height=\"128\" src=\"https:\/\/tokeryatirim.com\/wp-content\/uploads\/2022\/02\/insan_kaynaklari-resim.png\" class=\"attachment-large size-large\" alt=\"\" \/>\t\t\t\t\t\t\n\t\t\t\t\t<\/div>\n\t\t\t\t\t\t\t\t\n<style>\n#image_1807947775 {\n  width: 70%;\n}\n<\/style>\n\t<\/div>\n\t\n<a href=\"https:\/\/tokeryatirim.com\/insan-kaynaklari\/\" target=\"_self\" class=\"button primary is-underline is-xsmall lowercase expand\"  >\n    <span>\u0130nsan Kaynaklar\u0131<\/span>\n  <\/a>\n\n\t\t<\/div>\n\t\t\t\t\t<\/div>\n\n\t\n\n\t<div id=\"col-716536945\" class=\"col medium-1 small-3 large-1\"  >\n\t\t\t\t<div class=\"col-inner text-center\"  >\n\t\t\t\n\t\t\t\n\t<div class=\"img has-hover x md-x lg-x y md-y lg-y\" id=\"image_1371135378\">\n\t\t\t\t\t\t\t\t<div class=\"img-inner dark\" style=\"margin:0px 0px -8px 0px;\">\n\t\t\t<img loading=\"lazy\" decoding=\"async\" width=\"128\" height=\"128\" src=\"https:\/\/tokeryatirim.com\/wp-content\/uploads\/2022\/02\/online_is_basvurusu-resim.png\" class=\"attachment-large size-large\" alt=\"\" \/>\t\t\t\t\t\t\n\t\t\t\t\t<\/div>\n\t\t\t\t\t\t\t\t\n<style>\n#image_1371135378 {\n  width: 70%;\n}\n<\/style>\n\t<\/div>\n\t\n<a href=\"https:\/\/tokeryatirim.com\/online-is-basvurusu\/\" target=\"_self\" class=\"button primary is-underline is-xsmall lowercase expand\"  >\n    <span>Online \u0130\u015f Ba\u015fvurusu<\/span>\n  <\/a>\n\n\t\t<\/div>\n\t\t\t\t\t<\/div>\n\n\t\n\n\t<div id=\"col-1612279460\" class=\"col medium-1 small-3 large-1\"  >\n\t\t\t\t<div class=\"col-inner text-center\"  >\n\t\t\t\n\t\t\t\n\t<div class=\"img has-hover x md-x lg-x y md-y lg-y\" id=\"image_725653542\">\n\t\t\t\t\t\t\t\t<div class=\"img-inner dark\" style=\"margin:0px 0px -8px 0px;\">\n\t\t\t<img loading=\"lazy\" decoding=\"async\" width=\"128\" height=\"128\" src=\"https:\/\/tokeryatirim.com\/wp-content\/uploads\/2022\/02\/staj-resim.png\" class=\"attachment-large size-large\" alt=\"\" \/>\t\t\t\t\t\t\n\t\t\t\t\t<\/div>\n\t\t\t\t\t\t\t\t\n<style>\n#image_725653542 {\n  width: 70%;\n}\n<\/style>\n\t<\/div>\n\t\n<a href=\"https:\/\/tokeryatirim.com\/staj-basvurusu\/\" target=\"_self\" class=\"button primary is-underline is-xsmall lowercase expand\"  >\n    <span>Staj Ba\u015fvurusu<\/span>\n  <\/a>\n\n\t\t<\/div>\n\t\t\t\t\t<\/div>\n\n\t\n\n\t<div id=\"col-1169434020\" class=\"col medium-1 small-3 large-1\"  >\n\t\t\t\t<div class=\"col-inner text-center\"  >\n\t\t\t\n\t\t\t\n\t<div class=\"img has-hover x md-x lg-x y md-y lg-y\" id=\"image_222307123\">\n\t\t\t\t\t\t\t\t<div class=\"img-inner dark\" style=\"margin:0px 0px -8px 0px;\">\n\t\t\t<img loading=\"lazy\" decoding=\"async\" width=\"128\" height=\"128\" src=\"https:\/\/tokeryatirim.com\/wp-content\/uploads\/2022\/02\/burs-resim.png\" class=\"attachment-large size-large\" alt=\"\" \/>\t\t\t\t\t\t\n\t\t\t\t\t<\/div>\n\t\t\t\t\t\t\t\t\n<style>\n#image_222307123 {\n  width: 70%;\n}\n<\/style>\n\t<\/div>\n\t\n<a href=\"https:\/\/tokeryatirim.com\/burs-basvurusu\/\" target=\"_self\" class=\"button primary is-underline is-xsmall lowercase expand\"  >\n    <span>Burs Ba\u015fvurusu<\/span>\n  <\/a>\n\n\t\t<\/div>\n\t\t\t\t\t<\/div>\n\n\t\n\n\t<div id=\"col-1879862617\" class=\"col medium-1 small-3 large-1\"  >\n\t\t\t\t<div class=\"col-inner text-center\"  >\n\t\t\t\n\t\t\t\n\t<div class=\"img has-hover x md-x lg-x y md-y lg-y\" id=\"image_1318493928\">\n\t\t\t\t\t\t\t\t<div class=\"img-inner dark\" style=\"margin:0px 0px -8px 0px;\">\n\t\t\t<img loading=\"lazy\" decoding=\"async\" width=\"128\" height=\"128\" src=\"https:\/\/tokeryatirim.com\/wp-content\/uploads\/2022\/02\/calisma_ortami-resim.png\" class=\"attachment-large size-large\" alt=\"\" \/>\t\t\t\t\t\t\n\t\t\t\t\t<\/div>\n\t\t\t\t\t\t\t\t\n<style>\n#image_1318493928 {\n  width: 70%;\n}\n<\/style>\n\t<\/div>\n\t\n<a href=\"https:\/\/tokeryatirim.com\/calisma-ortamimiz\/\" target=\"_self\" class=\"button primary is-underline is-xsmall lowercase expand\"  >\n    <span>\u00c7al\u0131\u015fma Ortam\u0131m\u0131z<\/span>\n  <\/a>\n\n\t\t<\/div>\n\t\t\t\t\t<\/div>\n\n\t\n\n<style>\n#row-274276329 > .col > .col-inner {\n  padding: 0px100px 0px 0px 0px;\n}\n<\/style>\n<\/div>\n<div class=\"row row-collapse row-full-width\"  id=\"row-1616708853\">\n\n\t<div id=\"col-1964440709\" class=\"col small-12 large-12\"  >\n\t\t\t\t<div class=\"col-inner\"  >\n\t\t\t\n\t\t\t\n\n  <div class=\"banner has-hover\" id=\"banner-530358814\">\n          <div class=\"banner-inner fill\">\n        <div class=\"banner-bg fill\" >\n            <div class=\"bg fill bg-fill \"><\/div>\n                                    \n                    <\/div>\n\t\t\n        <div class=\"banner-layers container\">\n            <div class=\"fill banner-link\"><\/div>            \n        <\/div>\n      <\/div>\n\n            \n<style>\n#banner-530358814 {\n  padding-top: 50px;\n  background-color: rgba(0, 0, 0, 0);\n}\n#banner-530358814 .bg.bg-loaded {\n  background-image: url(https:\/\/tokeryatirim.com\/wp-content\/uploads\/2022\/02\/toker-kesi-lacivert.png);\n}\n#banner-530358814 .bg {\n  background-position: 100% 0%;\n}\n#banner-530358814 .ux-shape-divider--top svg {\n  height: 150px;\n  --divider-top-width: 100%;\n}\n#banner-530358814 .ux-shape-divider--bottom svg {\n  height: 150px;\n  --divider-width: 100%;\n}\n<\/style>\n  <\/div>\n\n\n\t\t<\/div>\n\t\t\t\t\n<style>\n#col-1964440709 > .col-inner {\n  padding: 0px 0px 0px 0px;\n  margin: -49px 0px -1px 0px;\n}\n<\/style>\n\t<\/div>\n\n\t\n<\/div>\n<div class=\"row row-collapse row-full-width\"  id=\"row-752258196\">\n\n\t<div id=\"col-265585858\" class=\"col small-12 large-12\"  >\n\t\t\t\t<div class=\"col-inner\"  >\n\t\t\t\n\t\t\t\n\t<section class=\"section dark\" id=\"section_472711289\">\n\t\t<div class=\"bg section-bg fill bg-fill  \" >\n\n\t\t\t\n\t\t\t<div class=\"section-bg-overlay absolute fill\"><\/div>\n\t\t\t\n\n\t\t<\/div>\n\n\t\t\n\n\t\t<div class=\"section-content relative\">\n\t\t\t\n<div class=\"row row-collapse row-full-width align-center\"  id=\"row-2111240748\">\n\n\t<div id=\"col-2072096535\" class=\"col medium-10 small-12 large-10\"  >\n\t\t\t\t<div class=\"col-inner text-center\"  >\n\t\t\t\n\t\t\t\n<div class=\"insan_titley_prog\" style=\"text-align: center;\"><em><span style=\"font-size: 110%;\"><a class=\"alt-font\" href=\"http:\/\/www.kutgrup.com\">&#8221; Yarat\u0131c\u0131 K\u00fclt\u00fcr\u00fcm\u00fcz\u00fc Ke\u015ffedin &#8220;<\/a><br \/>\n<\/span><\/em><br \/>\n<span style=\"font-size: 85%;\">TOKER YATIRIM \u0130NSAN KAYNAKLARI<\/span><\/div>\n<div><\/div>\n<div class=\"insan_prog_p\" style=\"text-align: center;\">\n<p><span style=\"font-size: 85%;\">Tak\u0131m \u00e7al\u0131\u015fmas\u0131n\u0131n esas oldu\u011fu \u015firketimizde personel say\u0131m\u0131z her ge\u00e7en g\u00fcn artmaktad\u0131r. <\/span><\/p>\n<p><span style=\"font-size: 85%;\">Personel se\u00e7me ve yerle\u015ftirme s\u00fcrecinde ana ilke, ki\u015filere e\u015fit f\u0131rsat vererek geli\u015fmeye a\u00e7\u0131k, de\u011fi\u015fimden korkmayan, insan ili\u015fkilerinde ba\u015far\u0131l\u0131, e\u011fitim d\u00fczeyi y\u00fcksek, tak\u0131m \u00e7al\u0131\u015fmas\u0131n\u0131 seven, gen\u00e7 ve dinamik ki\u015fileri \u015firkete kazand\u0131rmakt\u0131r. <\/span><\/p>\n<p><span style=\"font-size: 85%;\">\u0130\u015f ba\u015fvurular\u0131n\u0131z\u0131 <a class=\"insan_prog_a\" href=\"https:\/\/tokeryatirim.com\/online-is-basvurusu\/\">&#8220;Online \u0130\u015f Ba\u015fvuru&#8221;<\/a> linkini t\u0131klayarak yapabilirsiniz. <\/span><\/p>\n<p><span style=\"font-size: 85%;\">Ba\u015fvurular\u0131n\u0131z\u0131 T\u00fcrkiye&#8217;deki t\u00fcm iller i\u00e7in yapabilirsiniz. \u00c7\u00f6z\u00fcm Ortaklar\u0131m\u0131zda olu\u015facak pozisyon a\u00e7\u0131klar\u0131nda size eri\u015filecektir. <\/span><\/p>\n<p><span style=\"font-size: 85%;\">Yapt\u0131\u011f\u0131m\u0131z \u00e7al\u0131\u015fmalar\u0131n haricinde gen\u00e7 ve dinamik bir ekip olu\u015fturma \u00e7al\u0131\u015fmalar\u0131 da h\u0131zla devam etmektedir. TOKER YATIRIM b\u00fcnyesine al\u0131nacak personel nitelikleri i\u00e7in <a class=\"insan_prog_a\" href=\"https:\/\/tokeryatirim.com\/departmanlar\/\">&#8220;Departman A\u00e7\u0131klamalar\u0131&#8221;<\/a> b\u00f6l\u00fcm\u00fcn\u00fc inceleyebilirsiniz.<\/span><\/p>\n<\/div>\n\t\t<\/div>\n\t\t\t\t\n<style>\n#col-2072096535 > .col-inner {\n  padding: 50px 0px 50px 0px;\n}\n<\/style>\n\t<\/div>\n\n\t\n<\/div>\n\t\t<\/div>\n\n\t\t\n<style>\n#section_472711289 {\n  padding-top: 0px;\n  padding-bottom: 0px;\n}\n#section_472711289 .section-bg-overlay {\n  background-color: rgb(25, 31, 38);\n}\n#section_472711289 .section-bg.bg-loaded {\n  background-image: 532;\n}\n#section_472711289 .section-bg {\n  background-position: 73% 72%;\n}\n#section_472711289 .ux-shape-divider--top svg {\n  height: 150px;\n  --divider-top-width: 100%;\n}\n#section_472711289 .ux-shape-divider--bottom svg {\n  height: 150px;\n  --divider-width: 100%;\n}\n<\/style>\n\t<\/section>\n\t\n\t\t<\/div>\n\t\t\t\t\t<\/div>\n\n\t\n\n\t<div id=\"col-797717008\" class=\"col small-12 large-12\"  >\n\t\t\t\t<div class=\"col-inner\"  >\n\t\t\t\n\t\t\t\n\n  <div class=\"banner has-hover\" id=\"banner-1024634896\">\n          <div class=\"banner-inner fill\">\n        <div class=\"banner-bg fill\" >\n            <div class=\"bg fill bg-fill \"><\/div>\n                                    \n                    <\/div>\n\t\t\n        <div class=\"banner-layers container\">\n            <div class=\"fill banner-link\"><\/div>            \n        <\/div>\n      <\/div>\n\n            \n<style>\n#banner-1024634896 {\n  padding-top: 50px;\n  background-color: rgba(0, 0, 0, 0);\n}\n#banner-1024634896 .bg.bg-loaded {\n  background-image: url(https:\/\/tokeryatirim.com\/wp-content\/uploads\/2022\/02\/Banner-toker.png);\n}\n#banner-1024634896 .bg {\n  background-position: 100% 0%;\n}\n#banner-1024634896 .ux-shape-divider--top svg {\n  height: 150px;\n  --divider-top-width: 100%;\n}\n#banner-1024634896 .ux-shape-divider--bottom svg {\n  height: 150px;\n  --divider-width: 100%;\n}\n<\/style>\n  <\/div>\n\n\n\t\t<\/div>\n\t\t\t\t\n<style>\n#col-797717008 > .col-inner {\n  padding: 0px 0px 0px 0px;\n  margin: -49px 0px -1px 0px;\n}\n<\/style>\n\t<\/div>\n\n\t\n<\/div>\n<div class=\"row\"  id=\"row-1828221681\">\n\n\t<div id=\"col-461236952\" class=\"col small-12 large-12\"  >\n\t\t\t\t<div class=\"col-inner\"  >\n\t\t\t\n\t\t\t\n<h4><strong><span style=\"font-size: 90%;\">Amac\u0131m\u0131z<\/span><\/strong><\/h4>\n<p><span style=\"font-size: 90%;\">\u00a0 \u00a0\u015eirket k\u00fclt\u00fcr\u00fcne uygun nitelikli i\u015f g\u00fcc\u00fcn\u00fc \u00e7ekmek, geli\u015ftirmek ve muhafaza etmek.<\/span><\/p>\n<h4><strong><span style=\"font-size: 90%;\">Se\u00e7me-Yerle\u015ftirme S\u00fcrecimiz<\/span><\/strong><\/h4>\n<p><span style=\"font-size: 90%;\">\u00a0 \u00a0\u0130nsan Kaynaklar\u0131 ekibimiz, t\u00fcm ba\u015fvurular\u0131 de\u011ferlendirerek, gereksinimler do\u011frultusunda gerekli departmanlara iletmektedir. Ba\u015fvurular\u0131n\u0131z\u0131 TOKER YATIRIM internet sitemiz arac\u0131l\u0131\u011f\u0131yla online olarak yapabilirsiniz. Bu a\u015famadan sonra ba\u015fvurular\u0131n\u0131z \u0130nsan Kaynaklar\u0131 ekibimiz taraf\u0131ndan de\u011ferlendirilip, size olumlu-olumsuz geri bildirimde bulunulacakt\u0131r.<\/span><\/p>\n<h4><strong><span style=\"font-size: 90%;\">\u00dccret-Sosyal Haklar<\/span><\/strong><\/h4>\n<ul>\n<li><span style=\"font-size: 90%;\">\u00c7al\u0131\u015fanlar\u0131n \u00fccretleri belirlenirken, yerle\u015fmi\u015f oldu\u011fu pozisyon ve o konudaki teknik bilgi ve tecr\u00fcbesinden ziyade \u00fcretti\u011fi i\u015f g\u00fcc\u00fc g\u00f6zetilir. <\/span><\/li>\n<li><span style=\"font-size: 90%;\">\u00c7al\u0131\u015fanlara enflasyon ve personel performans\u0131 da g\u00f6z \u00f6n\u00fcnde bulundurularak, h\u00fck\u00fcmetin belirlemi\u015f oldu\u011fu periyotlarda \u00fccret art\u0131r\u0131m\u0131 yap\u0131l\u0131rken \u015firket cirosu ile orant\u0131l\u0131 olarakta maa\u015f artt\u0131r\u0131m\u0131 uygulanmaktad\u0131r.<\/span><\/li>\n<\/ul>\n<h4><strong><span style=\"font-size: 90%;\">E\u011fitim<\/span><\/strong><\/h4>\n<p><span style=\"font-size: 90%;\">\u00a0 TOKER YATIRIM&#8217;da kaliteli hizmet anlay\u0131\u015f\u0131ndan \u00f6t\u00fcr\u00fc \u00e7al\u0131\u015fanlara \u00e7e\u015fitli seminerler verilmektedir.\u00a0<\/span><\/p>\n<p><span style=\"font-size: 90%;\">\u00a0 \u00a0Bunlar;\u00a0<\/span><\/p>\n<ul>\n<li><span style=\"font-size: 90%;\">TOKER YATIRIM b\u00fcnyesinde i\u015fe yeni ba\u015flam\u0131\u015f \u00e7al\u0131\u015fanlara &#8220;TOKER YATIRIM Hizmetleri&#8221; e\u011fitimi, <\/span><\/li>\n<li><span style=\"font-size: 90%;\">\u0130nsan Kaynaklar\u0131 Departman\u0131&#8217;m\u0131z\u0131n \u00e7al\u0131\u015fanlar \u00fczerinde yapm\u0131\u015f oldu\u011fu incelemeler sonucu; uygun g\u00f6r\u00fclen konularda (Motivasyon, Ba\u015far\u0131&#8230; gibi) performans art\u0131r\u0131c\u0131 e\u011fitimler, <\/span><\/li>\n<li><span style=\"font-size: 90%;\">Personellerin bulunduklar\u0131 konuma g\u00f6re kendilerini geli\u015ftirebilecekleri e\u011fitimler (\u0130ngilizce Kursu, Bilgisayar Kursu&#8230; gibi), verilmekte ya da maddi olarak desteklenmektedir.<\/span><\/li>\n<\/ul>\n<h4><strong><span style=\"font-size: 90%;\">Stajyer Olanaklar\u0131<\/span><\/strong><\/h4>\n<p><span style=\"font-size: 90%;\">\u00a0 \u00a0Stajyer Se\u00e7im prosed\u00fcr\u00fcm\u00fcz \u00e7er\u00e7evesinde, y\u0131l\u0131n belirli d\u00f6nemlerinde, b\u00f6l\u00fcmlerin ihtiya\u00e7lar\u0131na g\u00f6re stajyer kabul edilmektedir.\u00a0<\/span><\/p>\n\t\t<\/div>\n\t\t\t\t\t<\/div>\n\n\t\n\n<style>\n#row-1828221681 > .col > .col-inner {\n  padding: 33px 0px 0px 0px;\n}\n<\/style>\n<\/div>\n","protected":false},"excerpt":{"rendered":"","protected":false},"author":1,"featured_media":0,"parent":0,"menu_order":0,"comment_status":"closed","ping_status":"closed","template":"page-blank.php","meta":{"footnotes":""},"class_list":["post-868","page","type-page","status-publish","hentry"],"yoast_head":"<!-- This site is optimized with the Yoast SEO plugin v20.7 - https:\/\/yoast.com\/wordpress\/plugins\/seo\/ -->\n<title>\u0130nsan Kaynaklar\u0131 | Toker Yat\u0131r\u0131m<\/title>\n<meta name=\"robots\" content=\"index, follow, max-snippet:-1, max-image-preview:large, max-video-preview:-1\" \/>\n<link rel=\"canonical\" href=\"https:\/\/tokeryatirim.com\/insan-kaynaklari\/\" \/>\n<meta property=\"og:locale\" content=\"en_US\" \/>\n<meta property=\"og:type\" content=\"article\" \/>\n<meta property=\"og:title\" content=\"\u0130nsan Kaynaklar\u0131 | Toker Yat\u0131r\u0131m\" \/>\n<meta property=\"og:url\" content=\"https:\/\/tokeryatirim.com\/insan-kaynaklari\/\" \/>\n<meta property=\"og:site_name\" content=\"Toker Yat\u0131r\u0131m\" \/>\n<meta property=\"article:publisher\" content=\"https:\/\/www.facebook.com\/tokeryatirim\/\" \/>\n<meta property=\"article:modified_time\" content=\"2022-03-07T15:11:35+00:00\" \/>\n<meta property=\"og:image\" content=\"https:\/\/tokeryatirim.com\/wp-content\/uploads\/2022\/03\/toker-muhendislik-samsun.jpg\" \/>\n\t<meta property=\"og:image:width\" content=\"828\" \/>\n\t<meta property=\"og:image:height\" content=\"603\" \/>\n\t<meta property=\"og:image:type\" content=\"image\/jpeg\" \/>\n<meta name=\"twitter:card\" content=\"summary_large_image\" \/>\n<meta name=\"twitter:site\" content=\"@TokerYatirim\" \/>\n<meta name=\"twitter:label1\" content=\"Est. reading time\" \/>\n\t<meta name=\"twitter:data1\" content=\"4 minutes\" \/>\n<script type=\"application\/ld+json\" class=\"yoast-schema-graph\">{\"@context\":\"https:\/\/schema.org\",\"@graph\":[{\"@type\":\"WebPage\",\"@id\":\"https:\/\/tokeryatirim.com\/insan-kaynaklari\/\",\"url\":\"https:\/\/tokeryatirim.com\/insan-kaynaklari\/\",\"name\":\"\u0130nsan Kaynaklar\u0131 | Toker Yat\u0131r\u0131m\",\"isPartOf\":{\"@id\":\"https:\/\/tokeryatirim.com\/#website\"},\"datePublished\":\"2022-01-24T15:53:46+00:00\",\"dateModified\":\"2022-03-07T15:11:35+00:00\",\"breadcrumb\":{\"@id\":\"https:\/\/tokeryatirim.com\/insan-kaynaklari\/#breadcrumb\"},\"inLanguage\":\"en-US\",\"potentialAction\":[{\"@type\":\"ReadAction\",\"target\":[\"https:\/\/tokeryatirim.com\/insan-kaynaklari\/\"]}]},{\"@type\":\"BreadcrumbList\",\"@id\":\"https:\/\/tokeryatirim.com\/insan-kaynaklari\/#breadcrumb\",\"itemListElement\":[{\"@type\":\"ListItem\",\"position\":1,\"name\":\"Anasayfa\",\"item\":\"https:\/\/tokeryatirim.com\/\"},{\"@type\":\"ListItem\",\"position\":2,\"name\":\"\u0130nsan Kaynaklar\u0131\"}]},{\"@type\":\"WebSite\",\"@id\":\"https:\/\/tokeryatirim.com\/#website\",\"url\":\"https:\/\/tokeryatirim.com\/\",\"name\":\"Toker Yat\u0131r\u0131m\",\"description\":\"M\u00fchendislik ve Yat\u0131r\u0131m Dan\u0131\u015fmanl\u0131\u011f\u0131\",\"publisher\":{\"@id\":\"https:\/\/tokeryatirim.com\/#organization\"},\"alternateName\":\"Toker Yat\u0131r\u0131m\",\"potentialAction\":[{\"@type\":\"SearchAction\",\"target\":{\"@type\":\"EntryPoint\",\"urlTemplate\":\"https:\/\/tokeryatirim.com\/?s={search_term_string}\"},\"query-input\":\"required name=search_term_string\"}],\"inLanguage\":\"en-US\"},{\"@type\":\"Organization\",\"@id\":\"https:\/\/tokeryatirim.com\/#organization\",\"name\":\"Toker Yat\u0131r\u0131m | M\u00fchendislik ve Yat\u0131r\u0131m Dan\u0131\u015fmanl\u0131\u011f\u0131\",\"alternateName\":\"Toker Yat\u0131r\u0131m\",\"url\":\"https:\/\/tokeryatirim.com\/\",\"logo\":{\"@type\":\"ImageObject\",\"inLanguage\":\"en-US\",\"@id\":\"https:\/\/tokeryatirim.com\/#\/schema\/logo\/image\/\",\"url\":\"https:\/\/tokeryatirim.com\/wp-content\/uploads\/2022\/02\/Toker-yatirim-logo-icon.png\",\"contentUrl\":\"https:\/\/tokeryatirim.com\/wp-content\/uploads\/2022\/02\/Toker-yatirim-logo-icon.png\",\"width\":150,\"height\":150,\"caption\":\"Toker Yat\u0131r\u0131m | M\u00fchendislik ve Yat\u0131r\u0131m Dan\u0131\u015fmanl\u0131\u011f\u0131\"},\"image\":{\"@id\":\"https:\/\/tokeryatirim.com\/#\/schema\/logo\/image\/\"},\"sameAs\":[\"https:\/\/www.facebook.com\/tokeryatirim\/\",\"https:\/\/twitter.com\/TokerYatirim\",\"https:\/\/www.youtube.com\/@tokeryatirim\",\"https:\/\/www.linkedin.com\/in\/incilay-toker-979057b8\/\",\"https:\/\/www.instagram.com\/tokeryatirim\/\"]}]}<\/script>\n<!-- \/ Yoast SEO plugin. -->","yoast_head_json":{"title":"\u0130nsan Kaynaklar\u0131 | Toker Yat\u0131r\u0131m","robots":{"index":"index","follow":"follow","max-snippet":"max-snippet:-1","max-image-preview":"max-image-preview:large","max-video-preview":"max-video-preview:-1"},"canonical":"https:\/\/tokeryatirim.com\/insan-kaynaklari\/","og_locale":"en_US","og_type":"article","og_title":"\u0130nsan Kaynaklar\u0131 | Toker Yat\u0131r\u0131m","og_url":"https:\/\/tokeryatirim.com\/insan-kaynaklari\/","og_site_name":"Toker Yat\u0131r\u0131m","article_publisher":"https:\/\/www.facebook.com\/tokeryatirim\/","article_modified_time":"2022-03-07T15:11:35+00:00","og_image":[{"width":828,"height":603,"url":"https:\/\/tokeryatirim.com\/wp-content\/uploads\/2022\/03\/toker-muhendislik-samsun.jpg","type":"image\/jpeg"}],"twitter_card":"summary_large_image","twitter_site":"@TokerYatirim","twitter_misc":{"Est. reading time":"4 minutes"},"schema":{"@context":"https:\/\/schema.org","@graph":[{"@type":"WebPage","@id":"https:\/\/tokeryatirim.com\/insan-kaynaklari\/","url":"https:\/\/tokeryatirim.com\/insan-kaynaklari\/","name":"\u0130nsan Kaynaklar\u0131 | Toker Yat\u0131r\u0131m","isPartOf":{"@id":"https:\/\/tokeryatirim.com\/#website"},"datePublished":"2022-01-24T15:53:46+00:00","dateModified":"2022-03-07T15:11:35+00:00","breadcrumb":{"@id":"https:\/\/tokeryatirim.com\/insan-kaynaklari\/#breadcrumb"},"inLanguage":"en-US","potentialAction":[{"@type":"ReadAction","target":["https:\/\/tokeryatirim.com\/insan-kaynaklari\/"]}]},{"@type":"BreadcrumbList","@id":"https:\/\/tokeryatirim.com\/insan-kaynaklari\/#breadcrumb","itemListElement":[{"@type":"ListItem","position":1,"name":"Anasayfa","item":"https:\/\/tokeryatirim.com\/"},{"@type":"ListItem","position":2,"name":"\u0130nsan Kaynaklar\u0131"}]},{"@type":"WebSite","@id":"https:\/\/tokeryatirim.com\/#website","url":"https:\/\/tokeryatirim.com\/","name":"Toker Yat\u0131r\u0131m","description":"M\u00fchendislik ve Yat\u0131r\u0131m Dan\u0131\u015fmanl\u0131\u011f\u0131","publisher":{"@id":"https:\/\/tokeryatirim.com\/#organization"},"alternateName":"Toker Yat\u0131r\u0131m","potentialAction":[{"@type":"SearchAction","target":{"@type":"EntryPoint","urlTemplate":"https:\/\/tokeryatirim.com\/?s={search_term_string}"},"query-input":"required name=search_term_string"}],"inLanguage":"en-US"},{"@type":"Organization","@id":"https:\/\/tokeryatirim.com\/#organization","name":"Toker Yat\u0131r\u0131m | M\u00fchendislik ve Yat\u0131r\u0131m Dan\u0131\u015fmanl\u0131\u011f\u0131","alternateName":"Toker Yat\u0131r\u0131m","url":"https:\/\/tokeryatirim.com\/","logo":{"@type":"ImageObject","inLanguage":"en-US","@id":"https:\/\/tokeryatirim.com\/#\/schema\/logo\/image\/","url":"https:\/\/tokeryatirim.com\/wp-content\/uploads\/2022\/02\/Toker-yatirim-logo-icon.png","contentUrl":"https:\/\/tokeryatirim.com\/wp-content\/uploads\/2022\/02\/Toker-yatirim-logo-icon.png","width":150,"height":150,"caption":"Toker Yat\u0131r\u0131m | M\u00fchendislik ve Yat\u0131r\u0131m Dan\u0131\u015fmanl\u0131\u011f\u0131"},"image":{"@id":"https:\/\/tokeryatirim.com\/#\/schema\/logo\/image\/"},"sameAs":["https:\/\/www.facebook.com\/tokeryatirim\/","https:\/\/twitter.com\/TokerYatirim","https:\/\/www.youtube.com\/@tokeryatirim","https:\/\/www.linkedin.com\/in\/incilay-toker-979057b8\/","https:\/\/www.instagram.com\/tokeryatirim\/"]}]}},"_links":{"self":[{"href":"https:\/\/tokeryatirim.com\/en\/wp-json\/wp\/v2\/pages\/868","targetHints":{"allow":["GET"]}}],"collection":[{"href":"https:\/\/tokeryatirim.com\/en\/wp-json\/wp\/v2\/pages"}],"about":[{"href":"https:\/\/tokeryatirim.com\/en\/wp-json\/wp\/v2\/types\/page"}],"author":[{"embeddable":true,"href":"https:\/\/tokeryatirim.com\/en\/wp-json\/wp\/v2\/users\/1"}],"replies":[{"embeddable":true,"href":"https:\/\/tokeryatirim.com\/en\/wp-json\/wp\/v2\/comments?post=868"}],"version-history":[{"count":7,"href":"https:\/\/tokeryatirim.com\/en\/wp-json\/wp\/v2\/pages\/868\/revisions"}],"predecessor-version":[{"id":2651,"href":"https:\/\/tokeryatirim.com\/en\/wp-json\/wp\/v2\/pages\/868\/revisions\/2651"}],"wp:attachment":[{"href":"https:\/\/tokeryatirim.com\/en\/wp-json\/wp\/v2\/media?parent=868"}],"curies":[{"name":"wp","href":"https:\/\/api.w.org\/{rel}","templated":true}]}}